{"id":30459,"date":"2019-12-21T10:54:38","date_gmt":"2019-12-21T09:54:38","guid":{"rendered":"https:\/\/mundo-creole.com\/shop\/uncategorized\/adinkra-symbol-duafe-silber-gold"},"modified":"2024-08-31T18:33:56","modified_gmt":"2024-08-31T16:33:56","slug":"adinkra-symbol-duafe-silber-gold","status":"publish","type":"product","link":"https:\/\/mundo-creole.com\/en\/shop\/jewelry\/adinkra-symbols-collection-en\/adinkra-symbol-duafe-silber-gold","title":{"rendered":"Adinkra Symbol DUAFE silber\/gold"},"content":{"rendered":"<h3><strong>Adinkra Symbols Collection<\/strong><\/h3>\n<p>West African Wisdom<\/p>\n<p><em>Handmade<\/em><\/p>\n<p>Symbol-\u00a0 DUAFE<\/p>\n<p>DUAFE &#8220;wooden comb&#8221; beauty,feminine qualities <span class=\"st\">\u2665<\/span><\/p>\n<p>-Symbole werden zusammen mit einem K\u00e4rtchen mit der passenden beschreibung verschickt.<\/p>\n<p>-zuhaben in 925 Silber und Gold Brass<\/p>\n<p>-Ringgr\u00f6\u00dfe ist anpassbar<\/p>\n","protected":false},"excerpt":{"rendered":"<p>Adinkra Symbols Collection West African Wisdom Handmade Symbol-\u00a0 DUAFE DUAFE &#8220;wooden comb&#8221; beauty,feminine qualities \u2665 -Symbole werden zusammen mit einem K\u00e4rtchen mit der passenden beschreibung verschickt. -zuhaben in 925 Silber und Gold Brass -Ringgr\u00f6\u00dfe ist anpassbar<\/p>\n","protected":false},"featured_media":7417,"comment_status":"closed","ping_status":"closed","template":"","meta":[],"product_cat":[1134,134],"product_tag":[],"_links":{"self":[{"href":"https:\/\/mundo-creole.com\/en\/wp-json\/wp\/v2\/product\/30459"}],"collection":[{"href":"https:\/\/mundo-creole.com\/en\/wp-json\/wp\/v2\/product"}],"about":[{"href":"https:\/\/mundo-creole.com\/en\/wp-json\/wp\/v2\/types\/product"}],"replies":[{"embeddable":true,"href":"https:\/\/mundo-creole.com\/en\/wp-json\/wp\/v2\/comments?post=30459"}],"wp:featuredmedia":[{"embeddable":true,"href":"https:\/\/mundo-creole.com\/en\/wp-json\/wp\/v2\/media\/7417"}],"wp:attachment":[{"href":"https:\/\/mundo-creole.com\/en\/wp-json\/wp\/v2\/media?parent=30459"}],"wp:term":[{"taxonomy":"product_cat","embeddable":true,"href":"https:\/\/mundo-creole.com\/en\/wp-json\/wp\/v2\/product_cat?post=30459"},{"taxonomy":"product_tag","embeddable":true,"href":"https:\/\/mundo-creole.com\/en\/wp-json\/wp\/v2\/product_tag?post=30459"}],"curies":[{"name":"wp","href":"https:\/\/api.w.org\/{rel}","templated":true}]}}