{"id":30468,"date":"2019-12-10T18:54:51","date_gmt":"2019-12-10T17:54:51","guid":{"rendered":"https:\/\/mundo-creole.com\/shop\/uncategorized\/schlichte-larimar-stein-kette-%f0%9f%92%99-silber"},"modified":"2019-12-10T18:54:51","modified_gmt":"2019-12-10T17:54:51","slug":"schlichte-larimar-stein-kette-%f0%9f%92%99-silber","status":"publish","type":"product","link":"https:\/\/mundo-creole.com\/en\/shop\/jewelry\/necklaces\/schlichte-larimar-stein-kette-%f0%9f%92%99-silber","title":{"rendered":"schlichte Larimar Stein Kette \ud83d\udc99 \/ silber"},"content":{"rendered":"<p>wundersch\u00f6ne schlichte\u00a0 silber Kette mit eingefasstem Larimar Stein <span class=\"_3gl1 _5zz4\" data-offset-key=\"c046v-0-0\"><span class=\"_ncl\"><span data-offset-key=\"c046v-0-0\">\ud83c\udf0a<\/span><\/span><\/span><span class=\"_3gl1 _5zz4\" data-offset-key=\"c046v-1-0\"><span class=\"_ncl\"><span data-offset-key=\"c046v-1-0\">\ud83d\udc99<\/span><\/span><\/span><span class=\"_3gl1 _5zz4\" data-offset-key=\"c046v-2-0\"><span class=\"_ncl\"><span data-offset-key=\"c046v-2-0\">\ud83d\udc99<\/span><\/span><\/span><span class=\"_3gl1 _5zz4\" data-offset-key=\"c046v-3-0\"><span class=\"_ncl\"><span data-offset-key=\"c046v-3-0\">\ud83d\udc99<\/span><\/span><\/span><\/p>\n<p>in 3 verschiedenen L\u00e4ngen zuhaben<\/p>\n<p>Larimar <span class=\"_3gl1 _5zz4\" data-offset-key=\"c046v-3-0\"><span class=\"_ncl\"><span data-offset-key=\"c046v-3-0\">\ud83d\udc99<\/span><\/span><\/span><\/p>\n<p>Der himmelblaue Larimar erweitert den geistigen Horizont und erm\u00f6glicht neue Sichtweisen. Auf diese Weise hilft dieser Heilstein dabei, einschr\u00e4nkende Denkmuster aufzul\u00f6sen und das Leben neu zu gestalten. Durch neu gewonnene Wege im Denken und Handeln regt er dazu an, sich selbst zu verwirklichen. Larimar schenkt innere Ruhe und ist ein Schutzstein gegen negative Energien.<\/p>\n<p>&nbsp;<\/p>\n<p>Herkunft- Dominikanische Republik<\/p>\n<p><span class=\"_3gl1 _5zz4\" data-offset-key=\"a95t6-0-0\"><span class=\"_ncl\"><span data-offset-key=\"a95t6-0-0\">\u00a0<\/span><\/span><\/span><\/p>\n<p>&nbsp;<\/p>\n","protected":false},"excerpt":{"rendered":"<p>wundersch\u00f6ne schlichte\u00a0 silber Kette mit eingefasstem Larimar Stein \ud83c\udf0a\ud83d\udc99\ud83d\udc99\ud83d\udc99 in 3 verschiedenen L\u00e4ngen zuhaben Larimar \ud83d\udc99 Der himmelblaue Larimar erweitert den geistigen Horizont und erm\u00f6glicht neue Sichtweisen. Auf diese Weise hilft dieser Heilstein dabei, einschr\u00e4nkende Denkmuster aufzul\u00f6sen und das Leben neu zu gestalten. Durch neu gewonnene Wege im Denken und Handeln regt er dazu an, [&hellip;]<\/p>\n","protected":false},"featured_media":7106,"comment_status":"open","ping_status":"closed","template":"","meta":[],"product_cat":[144,148,135],"product_tag":[],"_links":{"self":[{"href":"https:\/\/mundo-creole.com\/en\/wp-json\/wp\/v2\/product\/30468"}],"collection":[{"href":"https:\/\/mundo-creole.com\/en\/wp-json\/wp\/v2\/product"}],"about":[{"href":"https:\/\/mundo-creole.com\/en\/wp-json\/wp\/v2\/types\/product"}],"replies":[{"embeddable":true,"href":"https:\/\/mundo-creole.com\/en\/wp-json\/wp\/v2\/comments?post=30468"}],"wp:featuredmedia":[{"embeddable":true,"href":"https:\/\/mundo-creole.com\/en\/wp-json\/wp\/v2\/media\/7106"}],"wp:attachment":[{"href":"https:\/\/mundo-creole.com\/en\/wp-json\/wp\/v2\/media?parent=30468"}],"wp:term":[{"taxonomy":"product_cat","embeddable":true,"href":"https:\/\/mundo-creole.com\/en\/wp-json\/wp\/v2\/product_cat?post=30468"},{"taxonomy":"product_tag","embeddable":true,"href":"https:\/\/mundo-creole.com\/en\/wp-json\/wp\/v2\/product_tag?post=30468"}],"curies":[{"name":"wp","href":"https:\/\/api.w.org\/{rel}","templated":true}]}}