{"id":30472,"date":"2019-12-10T16:56:59","date_gmt":"2019-12-10T15:56:59","guid":{"rendered":"https:\/\/mundo-creole.com\/shop\/uncategorized\/spirale-larimar%f0%9f%92%99-ear-climber-silber"},"modified":"2019-12-10T16:56:59","modified_gmt":"2019-12-10T15:56:59","slug":"spirale-larimar%f0%9f%92%99-ear-climber-silber","status":"publish","type":"product","link":"https:\/\/mundo-creole.com\/en\/shop\/jewelry\/earrings\/spirale-larimar%f0%9f%92%99-ear-climber-silber","title":{"rendered":"Spirale Larimar\ud83d\udc99 \/Ear climber \/ silber"},"content":{"rendered":"<p>wundersch\u00f6ne ohr spirale aus silber mit eingefasstem Larimar Stein <span class=\"_3gl1 _5zz4\" data-offset-key=\"c046v-0-0\"><span class=\"_ncl\"><span data-offset-key=\"c046v-0-0\">\ud83c\udf0a<\/span><\/span><\/span><span class=\"_3gl1 _5zz4\" data-offset-key=\"c046v-1-0\"><span class=\"_ncl\"><span data-offset-key=\"c046v-1-0\">\ud83d\udc99<\/span><\/span><\/span><span class=\"_3gl1 _5zz4\" data-offset-key=\"c046v-2-0\"><span class=\"_ncl\"><span data-offset-key=\"c046v-2-0\">\ud83d\udc99<\/span><\/span><\/span><span class=\"_3gl1 _5zz4\" data-offset-key=\"c046v-3-0\"><span class=\"_ncl\"><span data-offset-key=\"c046v-3-0\">\ud83d\udc99<\/span><\/span><\/span><\/p>\n<p>bitte bei der Bestellung die gew\u00fcnschte seite rechtes Ohr oder links angeben-falls du die Spirale f\u00fcr beide seiten haben m\u00f6chtest einfach 2 st\u00fcck bestellen!<\/p>\n<p>Die l\u00e4nger ist 20 mm und die breite 8 mm<\/p>\n<p>Larimar <span class=\"_3gl1 _5zz4\" data-offset-key=\"c046v-3-0\"><span class=\"_ncl\"><span data-offset-key=\"c046v-3-0\">\ud83d\udc99<\/span><\/span><\/span><\/p>\n<p>Der himmelblaue Larimar erweitert den geistigen Horizont und erm\u00f6glicht neue Sichtweisen. Auf diese Weise hilft dieser Heilstein dabei, einschr\u00e4nkende Denkmuster aufzul\u00f6sen und das Leben neu zu gestalten. Durch neu gewonnene Wege im Denken und Handeln regt er dazu an, sich selbst zu verwirklichen. Larimar schenkt innere Ruhe und ist ein Schutzstein gegen negative Energien.<\/p>\n<p>&nbsp;<\/p>\n<p>Herkunft- Dominikanische Republik<\/p>\n<p>&nbsp;<\/p>\n<p>Bei Fragen zu dem Produkt schreibt mir einfach eine Nachrricht.<\/p>\n","protected":false},"excerpt":{"rendered":"<p>wundersch\u00f6ne ohr spirale aus silber mit eingefasstem Larimar Stein \ud83c\udf0a\ud83d\udc99\ud83d\udc99\ud83d\udc99 bitte bei der Bestellung die gew\u00fcnschte seite rechtes Ohr oder links angeben-falls du die Spirale f\u00fcr beide seiten haben m\u00f6chtest einfach 2 st\u00fcck bestellen! Die l\u00e4nger ist 20 mm und die breite 8 mm Larimar \ud83d\udc99 Der himmelblaue Larimar erweitert den geistigen Horizont und erm\u00f6glicht [&hellip;]<\/p>\n","protected":false},"featured_media":7077,"comment_status":"open","ping_status":"closed","template":"","meta":[],"product_cat":[144,147,135],"product_tag":[],"_links":{"self":[{"href":"https:\/\/mundo-creole.com\/en\/wp-json\/wp\/v2\/product\/30472"}],"collection":[{"href":"https:\/\/mundo-creole.com\/en\/wp-json\/wp\/v2\/product"}],"about":[{"href":"https:\/\/mundo-creole.com\/en\/wp-json\/wp\/v2\/types\/product"}],"replies":[{"embeddable":true,"href":"https:\/\/mundo-creole.com\/en\/wp-json\/wp\/v2\/comments?post=30472"}],"wp:featuredmedia":[{"embeddable":true,"href":"https:\/\/mundo-creole.com\/en\/wp-json\/wp\/v2\/media\/7077"}],"wp:attachment":[{"href":"https:\/\/mundo-creole.com\/en\/wp-json\/wp\/v2\/media?parent=30472"}],"wp:term":[{"taxonomy":"product_cat","embeddable":true,"href":"https:\/\/mundo-creole.com\/en\/wp-json\/wp\/v2\/product_cat?post=30472"},{"taxonomy":"product_tag","embeddable":true,"href":"https:\/\/mundo-creole.com\/en\/wp-json\/wp\/v2\/product_tag?post=30472"}],"curies":[{"name":"wp","href":"https:\/\/api.w.org\/{rel}","templated":true}]}}