{"id":30475,"date":"2019-12-05T02:28:33","date_gmt":"2019-12-05T01:28:33","guid":{"rendered":"https:\/\/mundo-creole.com\/shop\/uncategorized\/medaillonkette-tuerkis-stein-%e2%ad%90%ef%b8%8f"},"modified":"2019-12-05T02:28:33","modified_gmt":"2019-12-05T01:28:33","slug":"medaillonkette-tuerkis-stein-%e2%ad%90%ef%b8%8f","status":"publish","type":"product","link":"https:\/\/mundo-creole.com\/en\/shop\/jewelry\/necklaces\/medaillonkette-tuerkis-stein-%e2%ad%90%ef%b8%8f","title":{"rendered":"Medaillonkette T\u00fcrkis Stein \u2b50\ufe0f"},"content":{"rendered":"<p>Zauberhaft sch\u00f6nes Medaillon mit T\u00fcrkis Stein \u2b50\ufe0fzeitlos..#vintage<\/p>\n<p>&nbsp;<\/p>\n<p>Das Medaillon ist sehr filigran gearbeitet und wundervoll verziert. In der Innenseite l\u00e4sst sich ein Foto, Bild etc. einkleben. Schlie\u00dfen l\u00e4sst sich das Medaillon durch einen seitlich angebrachten Druckverschluss**<\/p>\n<p>&nbsp;<\/p>\n","protected":false},"excerpt":{"rendered":"<p>Zauberhaft sch\u00f6nes Medaillon mit T\u00fcrkis Stein \u2b50\ufe0fzeitlos..#vintage &nbsp; Das Medaillon ist sehr filigran gearbeitet und wundervoll verziert. In der Innenseite l\u00e4sst sich ein Foto, Bild etc. einkleben. Schlie\u00dfen l\u00e4sst sich das Medaillon durch einen seitlich angebrachten Druckverschluss** &nbsp;<\/p>\n","protected":false},"featured_media":5963,"comment_status":"open","ping_status":"closed","template":"","meta":[],"product_cat":[144,148,1662,135],"product_tag":[],"_links":{"self":[{"href":"https:\/\/mundo-creole.com\/en\/wp-json\/wp\/v2\/product\/30475"}],"collection":[{"href":"https:\/\/mundo-creole.com\/en\/wp-json\/wp\/v2\/product"}],"about":[{"href":"https:\/\/mundo-creole.com\/en\/wp-json\/wp\/v2\/types\/product"}],"replies":[{"embeddable":true,"href":"https:\/\/mundo-creole.com\/en\/wp-json\/wp\/v2\/comments?post=30475"}],"wp:featuredmedia":[{"embeddable":true,"href":"https:\/\/mundo-creole.com\/en\/wp-json\/wp\/v2\/media\/5963"}],"wp:attachment":[{"href":"https:\/\/mundo-creole.com\/en\/wp-json\/wp\/v2\/media?parent=30475"}],"wp:term":[{"taxonomy":"product_cat","embeddable":true,"href":"https:\/\/mundo-creole.com\/en\/wp-json\/wp\/v2\/product_cat?post=30475"},{"taxonomy":"product_tag","embeddable":true,"href":"https:\/\/mundo-creole.com\/en\/wp-json\/wp\/v2\/product_tag?post=30475"}],"curies":[{"name":"wp","href":"https:\/\/api.w.org\/{rel}","templated":true}]}}