{"id":30573,"date":"2019-12-03T02:42:29","date_gmt":"2019-12-03T01:42:29","guid":{"rendered":"https:\/\/mundo-creole.com\/shop\/uncategorized\/septum-schlicht-silber-brass-gold-brass-kopie"},"modified":"2019-12-03T02:42:29","modified_gmt":"2019-12-03T01:42:29","slug":"septum-schlicht-silber-brass-gold-brass-kopie","status":"publish","type":"product","link":"https:\/\/mundo-creole.com\/en\/shop\/jewelry\/septums-en\/septum-schlicht-silber-brass-gold-brass-kopie","title":{"rendered":"Septum  schlicht\/Silber Brass"},"content":{"rendered":"<p>Wundersch\u00f6nes *fake* Septum &lt;3 #tribalstyle<\/p>\n<p>-Silber Brass<\/p>\n<p>gr\u00f6\u00dfe kann angepasst werden.<\/p>\n<p>Bei Fragen zu dem Produkt schreibt mir gerne eine Nachrricht.<\/p>\n","protected":false},"excerpt":{"rendered":"<p>Wundersch\u00f6nes *fake* Septum &lt;3 #tribalstyle -Silber Brass gr\u00f6\u00dfe kann angepasst werden. Bei Fragen zu dem Produkt schreibt mir gerne eine Nachrricht.<\/p>\n","protected":false},"featured_media":4769,"comment_status":"open","ping_status":"closed","template":"","meta":[],"product_cat":[144,1145,1662],"product_tag":[],"_links":{"self":[{"href":"https:\/\/mundo-creole.com\/en\/wp-json\/wp\/v2\/product\/30573"}],"collection":[{"href":"https:\/\/mundo-creole.com\/en\/wp-json\/wp\/v2\/product"}],"about":[{"href":"https:\/\/mundo-creole.com\/en\/wp-json\/wp\/v2\/types\/product"}],"replies":[{"embeddable":true,"href":"https:\/\/mundo-creole.com\/en\/wp-json\/wp\/v2\/comments?post=30573"}],"wp:featuredmedia":[{"embeddable":true,"href":"https:\/\/mundo-creole.com\/en\/wp-json\/wp\/v2\/media\/4769"}],"wp:attachment":[{"href":"https:\/\/mundo-creole.com\/en\/wp-json\/wp\/v2\/media?parent=30573"}],"wp:term":[{"taxonomy":"product_cat","embeddable":true,"href":"https:\/\/mundo-creole.com\/en\/wp-json\/wp\/v2\/product_cat?post=30573"},{"taxonomy":"product_tag","embeddable":true,"href":"https:\/\/mundo-creole.com\/en\/wp-json\/wp\/v2\/product_tag?post=30573"}],"curies":[{"name":"wp","href":"https:\/\/api.w.org\/{rel}","templated":true}]}}