{"id":30580,"date":"2019-12-03T02:35:47","date_gmt":"2019-12-03T01:35:47","guid":{"rendered":"https:\/\/mundo-creole.com\/shop\/uncategorized\/septum-tuerkis-stein-gold-brass-2"},"modified":"2019-12-03T02:35:47","modified_gmt":"2019-12-03T01:35:47","slug":"septum-tuerkis-stein-gold-brass-2","status":"publish","type":"product","link":"https:\/\/mundo-creole.com\/en\/shop\/jewelry\/septums-en\/septum-tuerkis-stein-gold-brass-2","title":{"rendered":"Septum  \/T\u00fcrkis Stein \/Gold Brass"},"content":{"rendered":"<p>Wundersch\u00f6nes *fake* Septum &lt;3 #tribalstyle<\/p>\n<p>-gold brass<\/p>\n<p>gr\u00f6\u00dfe kann angepasst werden.<\/p>\n<p>Bei Fragen zu dem Produkt schreibt mir gerne eine Nachrricht.<\/p>\n","protected":false},"excerpt":{"rendered":"<p>Wundersch\u00f6nes *fake* Septum &lt;3 #tribalstyle -gold brass gr\u00f6\u00dfe kann angepasst werden. Bei Fragen zu dem Produkt schreibt mir gerne eine Nachrricht.<\/p>\n","protected":false},"featured_media":4742,"comment_status":"open","ping_status":"closed","template":"","meta":[],"product_cat":[144,1145,1662],"product_tag":[],"_links":{"self":[{"href":"https:\/\/mundo-creole.com\/en\/wp-json\/wp\/v2\/product\/30580"}],"collection":[{"href":"https:\/\/mundo-creole.com\/en\/wp-json\/wp\/v2\/product"}],"about":[{"href":"https:\/\/mundo-creole.com\/en\/wp-json\/wp\/v2\/types\/product"}],"replies":[{"embeddable":true,"href":"https:\/\/mundo-creole.com\/en\/wp-json\/wp\/v2\/comments?post=30580"}],"wp:featuredmedia":[{"embeddable":true,"href":"https:\/\/mundo-creole.com\/en\/wp-json\/wp\/v2\/media\/4742"}],"wp:attachment":[{"href":"https:\/\/mundo-creole.com\/en\/wp-json\/wp\/v2\/media?parent=30580"}],"wp:term":[{"taxonomy":"product_cat","embeddable":true,"href":"https:\/\/mundo-creole.com\/en\/wp-json\/wp\/v2\/product_cat?post=30580"},{"taxonomy":"product_tag","embeddable":true,"href":"https:\/\/mundo-creole.com\/en\/wp-json\/wp\/v2\/product_tag?post=30580"}],"curies":[{"name":"wp","href":"https:\/\/api.w.org\/{rel}","templated":true}]}}