{"id":30582,"date":"2019-12-03T02:31:35","date_gmt":"2019-12-03T01:31:35","guid":{"rendered":"https:\/\/mundo-creole.com\/shop\/uncategorized\/septum-tribal-gold-brass-5"},"modified":"2019-12-03T02:31:35","modified_gmt":"2019-12-03T01:31:35","slug":"septum-tribal-gold-brass-5","status":"publish","type":"product","link":"https:\/\/mundo-creole.com\/en\/shop\/jewelry\/septums-en\/septum-tribal-gold-brass-5","title":{"rendered":"Septum  \/Tribal\/Gold Brass"},"content":{"rendered":"<p>Wundersch\u00f6nes *fake* Septum &lt;3 #tribalstyle<\/p>\n<p>-gold brass<\/p>\n<p>gr\u00f6\u00dfe kann angepasst werden.<\/p>\n<p>Bei Fragen zu dem Produkt schreibt mir gerne eine Nachrricht.<\/p>\n","protected":false},"excerpt":{"rendered":"<p>Wundersch\u00f6nes *fake* Septum &lt;3 #tribalstyle -gold brass gr\u00f6\u00dfe kann angepasst werden. Bei Fragen zu dem Produkt schreibt mir gerne eine Nachrricht.<\/p>\n","protected":false},"featured_media":4729,"comment_status":"open","ping_status":"closed","template":"","meta":[],"product_cat":[144,1145,1662],"product_tag":[],"_links":{"self":[{"href":"https:\/\/mundo-creole.com\/en\/wp-json\/wp\/v2\/product\/30582"}],"collection":[{"href":"https:\/\/mundo-creole.com\/en\/wp-json\/wp\/v2\/product"}],"about":[{"href":"https:\/\/mundo-creole.com\/en\/wp-json\/wp\/v2\/types\/product"}],"replies":[{"embeddable":true,"href":"https:\/\/mundo-creole.com\/en\/wp-json\/wp\/v2\/comments?post=30582"}],"wp:featuredmedia":[{"embeddable":true,"href":"https:\/\/mundo-creole.com\/en\/wp-json\/wp\/v2\/media\/4729"}],"wp:attachment":[{"href":"https:\/\/mundo-creole.com\/en\/wp-json\/wp\/v2\/media?parent=30582"}],"wp:term":[{"taxonomy":"product_cat","embeddable":true,"href":"https:\/\/mundo-creole.com\/en\/wp-json\/wp\/v2\/product_cat?post=30582"},{"taxonomy":"product_tag","embeddable":true,"href":"https:\/\/mundo-creole.com\/en\/wp-json\/wp\/v2\/product_tag?post=30582"}],"curies":[{"name":"wp","href":"https:\/\/api.w.org\/{rel}","templated":true}]}}