{"id":30588,"date":"2019-12-02T18:07:19","date_gmt":"2019-12-02T17:07:19","guid":{"rendered":"https:\/\/mundo-creole.com\/shop\/uncategorized\/flower-of-life-ring-gold-silber-brass-2"},"modified":"2019-12-02T18:07:19","modified_gmt":"2019-12-02T17:07:19","slug":"flower-of-life-ring-gold-silber-brass-2","status":"publish","type":"product","link":"https:\/\/mundo-creole.com\/en\/shop\/jewelry\/rings\/flower-of-life-ring-gold-silber-brass-2","title":{"rendered":"Flower of Life Ring  Gold \/ Silber Brass"},"content":{"rendered":"<p>Wundersch\u00f6ner Flower of Life Ring &#8220;Blume des Lebens&#8221;<br \/>\n<strong>Gr\u00f6\u00dfe anpassbar<\/strong><\/p>\n<p>Bei Fragen zu dem Produkt schreibt mir gerne eine Nachrricht &lt;3<\/p>\n<p>&nbsp;<\/p>\n<p>&nbsp;<\/p>\n","protected":false},"excerpt":{"rendered":"<p>Wundersch\u00f6ner Flower of Life Ring &#8220;Blume des Lebens&#8221; Gr\u00f6\u00dfe anpassbar Bei Fragen zu dem Produkt schreibt mir gerne eine Nachrricht &lt;3 &nbsp; &nbsp;<\/p>\n","protected":false},"featured_media":4375,"comment_status":"open","ping_status":"closed","template":"","meta":[],"product_cat":[144,1141,135],"product_tag":[],"_links":{"self":[{"href":"https:\/\/mundo-creole.com\/en\/wp-json\/wp\/v2\/product\/30588"}],"collection":[{"href":"https:\/\/mundo-creole.com\/en\/wp-json\/wp\/v2\/product"}],"about":[{"href":"https:\/\/mundo-creole.com\/en\/wp-json\/wp\/v2\/types\/product"}],"replies":[{"embeddable":true,"href":"https:\/\/mundo-creole.com\/en\/wp-json\/wp\/v2\/comments?post=30588"}],"wp:featuredmedia":[{"embeddable":true,"href":"https:\/\/mundo-creole.com\/en\/wp-json\/wp\/v2\/media\/4375"}],"wp:attachment":[{"href":"https:\/\/mundo-creole.com\/en\/wp-json\/wp\/v2\/media?parent=30588"}],"wp:term":[{"taxonomy":"product_cat","embeddable":true,"href":"https:\/\/mundo-creole.com\/en\/wp-json\/wp\/v2\/product_cat?post=30588"},{"taxonomy":"product_tag","embeddable":true,"href":"https:\/\/mundo-creole.com\/en\/wp-json\/wp\/v2\/product_tag?post=30588"}],"curies":[{"name":"wp","href":"https:\/\/api.w.org\/{rel}","templated":true}]}}