{"id":30606,"date":"2019-12-02T16:30:04","date_gmt":"2019-12-02T15:30:04","guid":{"rendered":"https:\/\/mundo-creole.com\/shop\/uncategorized\/statement-piece-tie-dye-kimono-red"},"modified":"2019-12-02T16:30:04","modified_gmt":"2019-12-02T15:30:04","slug":"statement-piece-tie-dye-kimono-red","status":"publish","type":"product","link":"https:\/\/mundo-creole.com\/en\/shop\/womens-clothing-en\/kimonos-en\/tunics-kimonos\/statement-piece-tie-dye-kimono-red","title":{"rendered":"ShineOn Tie Dye Kimono Red"},"content":{"rendered":"<h3 class=\"c-product-tile__h3 c-product-tile__h3--title_price_num_colors\" data-qa-prod-title=\"\">In a super soft fabric and tie dye pattern this oversized maxi kimono makes a dress you want to keep on wearing.\u00a0 #statementpiece<\/h3>\n<div data-contents=\"true\">\n<div class=\"\" data-block=\"true\" data-editor=\"bavkr\" data-offset-key=\"61iio-0-0\">\n<div class=\"_1mf _1mj\" data-offset-key=\"61iio-0-0\"><span class=\"_3gl1 _5zz4\" data-offset-key=\"61iio-0-0\"><span class=\"_ncl\"><span data-offset-key=\"61iio-0-0\">\u2728<\/span><\/span><\/span><span class=\"_3gl1 _5zz4\" data-offset-key=\"61iio-1-0\"><span class=\"_ncl\"><span data-offset-key=\"61iio-1-0\">\u2728<\/span><\/span><\/span><span class=\"_3gl1 _5zz4\" data-offset-key=\"61iio-2-0\"><span class=\"_ncl\"><span data-offset-key=\"61iio-2-0\">\u2728<\/span><\/span><\/span><\/div>\n<\/div>\n<\/div>\n<p>Kann offen getragen werden oder l\u00e4sst sich durch ein Band schlie\u00dfen<\/p>\n<p>-super zum kombinieren<\/p>\n<p>-Einheitsgr\u00f6\u00dfe (tragbar bis xl)<\/p>\n<p>&#8212;&#8212;&#8212;&#8212;&#8212;&#8212;&#8212;&#8211;<\/p>\n<p>Bei Fragen zu dem Produkt schreibt mir gerne eine Nachrricht &lt;3<\/p>\n","protected":false},"excerpt":{"rendered":"<p>In a super soft fabric and tie dye pattern this oversized maxi kimono makes a dress you want to keep on wearing.\u00a0 #statementpiece \u2728\u2728\u2728 Kann offen getragen werden oder l\u00e4sst sich durch ein Band schlie\u00dfen -super zum kombinieren -Einheitsgr\u00f6\u00dfe (tragbar bis xl) &#8212;&#8212;&#8212;&#8212;&#8212;&#8212;&#8212;&#8211; Bei Fragen zu dem Produkt schreibt mir gerne eine Nachrricht &lt;3<\/p>\n","protected":false},"featured_media":4802,"comment_status":"open","ping_status":"closed","template":"","meta":[],"product_cat":[137,1146,1223],"product_tag":[],"_links":{"self":[{"href":"https:\/\/mundo-creole.com\/en\/wp-json\/wp\/v2\/product\/30606"}],"collection":[{"href":"https:\/\/mundo-creole.com\/en\/wp-json\/wp\/v2\/product"}],"about":[{"href":"https:\/\/mundo-creole.com\/en\/wp-json\/wp\/v2\/types\/product"}],"replies":[{"embeddable":true,"href":"https:\/\/mundo-creole.com\/en\/wp-json\/wp\/v2\/comments?post=30606"}],"wp:featuredmedia":[{"embeddable":true,"href":"https:\/\/mundo-creole.com\/en\/wp-json\/wp\/v2\/media\/4802"}],"wp:attachment":[{"href":"https:\/\/mundo-creole.com\/en\/wp-json\/wp\/v2\/media?parent=30606"}],"wp:term":[{"taxonomy":"product_cat","embeddable":true,"href":"https:\/\/mundo-creole.com\/en\/wp-json\/wp\/v2\/product_cat?post=30606"},{"taxonomy":"product_tag","embeddable":true,"href":"https:\/\/mundo-creole.com\/en\/wp-json\/wp\/v2\/product_tag?post=30606"}],"curies":[{"name":"wp","href":"https:\/\/api.w.org\/{rel}","templated":true}]}}