{"id":30634,"date":"2020-01-13T13:57:21","date_gmt":"2020-01-13T12:57:21","guid":{"rendered":"https:\/\/mundo-creole.com\/shop\/uncategorized\/duffle-bag"},"modified":"2020-01-13T13:57:21","modified_gmt":"2020-01-13T12:57:21","slug":"duffle-bag","status":"publish","type":"product","link":"https:\/\/mundo-creole.com\/en\/shop\/accessories\/bags\/duffle-bag","title":{"rendered":"Duffle Bag"},"content":{"rendered":"<p>wundersch\u00f6ner Tasche #Upcycled Leder und Seide \u2764<\/p>\n<p>Mit ganz vielen Details in Liebe Handgefertigt &lt;3<\/p>\n<p>2 Innentasche- eine mit Rei\u00dfverschluss<br \/>\n-Rei\u00dfverschluss<\/p>\n<p>im innenteil der gleiche Stoff wie au\u00dfen.<\/p>\n<p>Bei Fragen zu dem Produkt freu ich mich von euch zulesen.<br \/>\n\ud83d\ude42<\/p>\n","protected":false},"excerpt":{"rendered":"<p>wundersch\u00f6ner Tasche #Upcycled Leder und Seide \u2764 Mit ganz vielen Details in Liebe Handgefertigt &lt;3 2 Innentasche- eine mit Rei\u00dfverschluss -Rei\u00dfverschluss im innenteil der gleiche Stoff wie au\u00dfen. Bei Fragen zu dem Produkt freu ich mich von euch zulesen. \ud83d\ude42<\/p>\n","protected":false},"featured_media":57948,"comment_status":"closed","ping_status":"closed","template":"","meta":[],"product_cat":[123,128],"product_tag":[],"_links":{"self":[{"href":"https:\/\/mundo-creole.com\/en\/wp-json\/wp\/v2\/product\/30634"}],"collection":[{"href":"https:\/\/mundo-creole.com\/en\/wp-json\/wp\/v2\/product"}],"about":[{"href":"https:\/\/mundo-creole.com\/en\/wp-json\/wp\/v2\/types\/product"}],"replies":[{"embeddable":true,"href":"https:\/\/mundo-creole.com\/en\/wp-json\/wp\/v2\/comments?post=30634"}],"wp:featuredmedia":[{"embeddable":true,"href":"https:\/\/mundo-creole.com\/en\/wp-json\/wp\/v2\/media\/57948"}],"wp:attachment":[{"href":"https:\/\/mundo-creole.com\/en\/wp-json\/wp\/v2\/media?parent=30634"}],"wp:term":[{"taxonomy":"product_cat","embeddable":true,"href":"https:\/\/mundo-creole.com\/en\/wp-json\/wp\/v2\/product_cat?post=30634"},{"taxonomy":"product_tag","embeddable":true,"href":"https:\/\/mundo-creole.com\/en\/wp-json\/wp\/v2\/product_tag?post=30634"}],"curies":[{"name":"wp","href":"https:\/\/api.w.org\/{rel}","templated":true}]}}