{"id":30734,"date":"2019-12-04T16:24:38","date_gmt":"2019-12-04T15:24:38","guid":{"rendered":"https:\/\/mundo-creole.com\/shop\/uncategorized\/amethyst-ring-gold-brass"},"modified":"2019-12-04T16:24:38","modified_gmt":"2019-12-04T15:24:38","slug":"amethyst-ring-gold-brass","status":"publish","type":"product","link":"https:\/\/mundo-creole.com\/en\/shop\/jewelry\/rings\/amethyst-ring-gold-brass","title":{"rendered":"Amethyst Ring \/Gold Brass"},"content":{"rendered":"<p><span class=\"ILfuVd NA6bn\"><span class=\"e24Kjd\">Der <b>Amethyst<\/b> hat besonders reinigende F\u00e4higkeiten auf den Geist.<span class=\"_3gl1 _5zz4\" data-offset-key=\"e41n5-5-0\"><span class=\"_ncl\"><span data-offset-key=\"e41n5-5-0\">\ud83d\udc95<\/span><\/span><\/span> <\/span><\/span><\/p>\n<p><span class=\"ILfuVd NA6bn\"><span class=\"e24Kjd\">..my favorite Ring at the moment <span class=\"_3gl1 _5zz4\" data-offset-key=\"e41n5-5-0\"><span class=\"_ncl\"><span data-offset-key=\"e41n5-5-0\">\ud83d\udc95\ud83d\udc95\ud83d\udc95<\/span><\/span><\/span><\/span><\/span><\/p>\n<p>&nbsp;<\/p>\n<p>Wundersch\u00f6ner eingefasster Amethyst\/Gold Brass.<\/p>\n<p>&nbsp;<\/p>\n<p>Bei Fragen zu dem Produkt schreibt mir gerne eine Nachrricht &lt;3<\/p>\n<p>&nbsp;<\/p>\n<p><strong>RING GR\u00d6\u00dfE ERMITTELN<\/strong>-ganz einfach<\/p>\n<p>&#8212;&#8211; Lege einen Ring der dir gut passt auf ein Lineal und lese den Innendurchmesser ( mittig-breiteste stelle) in MILLIMETERN (mm) ab.<\/p>\n<p>&#8212; Hast du z.B einen Innendurchmesser von sagen wir mal 13 mm- 22mm gemessen habe ich deine gr\u00f6\u00dfe auf Lager und du kannst die Gr\u00f6\u00dfe oben in der Auswahl eingeben \ud83d\ude42<\/p>\n<p>DU HAST GRADE KEINEN RING ZUR HAND?<br \/>\n-schneide aus einem Blatt Papier einen schmalen Streifen und wickel diesen um deinen Finger und ziehe ihn so an das er sich noch leicht drehen l\u00e4sst.<br \/>\n&#8211; Makiere nun das Ende des Papierstreifens- Jetzt kannst du mittels einem normalen Lineals die L\u00e4nge bestimmen in mm abgelesen.<\/p>\n<p>Bei Fragen zu dem Produkt schreibt mir gerne eine Nachrricht &lt;3<\/p>\n","protected":false},"excerpt":{"rendered":"<p>Der Amethyst hat besonders reinigende F\u00e4higkeiten auf den Geist.\ud83d\udc95 ..my favorite Ring at the moment \ud83d\udc95\ud83d\udc95\ud83d\udc95 &nbsp; Wundersch\u00f6ner eingefasster Amethyst\/Gold Brass. &nbsp; Bei Fragen zu dem Produkt schreibt mir gerne eine Nachrricht &lt;3 &nbsp; RING GR\u00d6\u00dfE ERMITTELN-ganz einfach &#8212;&#8211; Lege einen Ring der dir gut passt auf ein Lineal und lese den Innendurchmesser ( mittig-breiteste [&hellip;]<\/p>\n","protected":false},"featured_media":5623,"comment_status":"open","ping_status":"closed","template":"","meta":[],"product_cat":[144,1141,1662,135],"product_tag":[],"_links":{"self":[{"href":"https:\/\/mundo-creole.com\/en\/wp-json\/wp\/v2\/product\/30734"}],"collection":[{"href":"https:\/\/mundo-creole.com\/en\/wp-json\/wp\/v2\/product"}],"about":[{"href":"https:\/\/mundo-creole.com\/en\/wp-json\/wp\/v2\/types\/product"}],"replies":[{"embeddable":true,"href":"https:\/\/mundo-creole.com\/en\/wp-json\/wp\/v2\/comments?post=30734"}],"wp:featuredmedia":[{"embeddable":true,"href":"https:\/\/mundo-creole.com\/en\/wp-json\/wp\/v2\/media\/5623"}],"wp:attachment":[{"href":"https:\/\/mundo-creole.com\/en\/wp-json\/wp\/v2\/media?parent=30734"}],"wp:term":[{"taxonomy":"product_cat","embeddable":true,"href":"https:\/\/mundo-creole.com\/en\/wp-json\/wp\/v2\/product_cat?post=30734"},{"taxonomy":"product_tag","embeddable":true,"href":"https:\/\/mundo-creole.com\/en\/wp-json\/wp\/v2\/product_tag?post=30734"}],"curies":[{"name":"wp","href":"https:\/\/api.w.org\/{rel}","templated":true}]}}