{"id":30742,"date":"2019-12-04T16:07:24","date_gmt":"2019-12-04T15:07:24","guid":{"rendered":"https:\/\/mundo-creole.com\/shop\/uncategorized\/mondstein-minimal-ring-silber-gold"},"modified":"2019-12-04T16:07:24","modified_gmt":"2019-12-04T15:07:24","slug":"mondstein-minimal-ring-silber-gold","status":"publish","type":"product","link":"https:\/\/mundo-creole.com\/en\/shop\/jewelry\/rings\/mondstein-minimal-ring-silber-gold","title":{"rendered":"Mondstein #minimal Ring \/Silber\/Gold Moonstone"},"content":{"rendered":"<p><em><strong>Mondstein #minimal Ring<br \/>\n<\/strong><\/em><\/p>\n<p>schlichter feiner Tribal Ring mit wundersch\u00f6nem schimmerndem Mondstein eingefasst in Gold oder Silber Brass.<\/p>\n<p>-in verschiedenen Gr\u00f6\u00dfen zuhaben<br \/>\n-zuhaben in Gold Brass und Silber Brass<\/p>\n<p>Bei Fragen zu dem Produkt schreibt mir gerne eine Nachrricht &lt;3<\/p>\n<p>&nbsp;<\/p>\n<p><strong>RING GR\u00d6\u00dfE ERMITTELN<\/strong>-ganz einfach<\/p>\n<p>&#8212;&#8211; Lege einen Ring der dir gut passt auf ein Lineal und lese den Innendurchmesser ( mittig-breiteste stelle) in MILLIMETERN (mm) ab.<\/p>\n<p>&#8212; Hast du z.B einen Innendurchmesser von sagen wir mal 13 mm- 22mm gemessen habe ich deine gr\u00f6\u00dfe auf Lager und du kannst die Gr\u00f6\u00dfe oben in der Auswahl eingeben \ud83d\ude42<\/p>\n<p>DU HAST GRADE KEINEN RING ZUR HAND?<br \/>\n-schneide aus einem Blatt Papier einen schmalen Streifen und wickel diesen um deinen Finger und ziehe ihn so an das er sich noch leicht drehen l\u00e4sst.<br \/>\n&#8211; Makiere nun das Ende des Papierstreifens- Jetzt kannst du mittels einem normalen Lineals die L\u00e4nge bestimmen in mm abgelesen.<\/p>\n<p>Bei Fragen zu dem Produkt schreibt mir gerne eine Nachrricht &lt;3<\/p>\n","protected":false},"excerpt":{"rendered":"<p>Mondstein #minimal Ring schlichter feiner Tribal Ring mit wundersch\u00f6nem schimmerndem Mondstein eingefasst in Gold oder Silber Brass. -in verschiedenen Gr\u00f6\u00dfen zuhaben -zuhaben in Gold Brass und Silber Brass Bei Fragen zu dem Produkt schreibt mir gerne eine Nachrricht &lt;3 &nbsp; RING GR\u00d6\u00dfE ERMITTELN-ganz einfach &#8212;&#8211; Lege einen Ring der dir gut passt auf ein Lineal [&hellip;]<\/p>\n","protected":false},"featured_media":5600,"comment_status":"open","ping_status":"closed","template":"","meta":[],"product_cat":[144,1141,135],"product_tag":[],"_links":{"self":[{"href":"https:\/\/mundo-creole.com\/en\/wp-json\/wp\/v2\/product\/30742"}],"collection":[{"href":"https:\/\/mundo-creole.com\/en\/wp-json\/wp\/v2\/product"}],"about":[{"href":"https:\/\/mundo-creole.com\/en\/wp-json\/wp\/v2\/types\/product"}],"replies":[{"embeddable":true,"href":"https:\/\/mundo-creole.com\/en\/wp-json\/wp\/v2\/comments?post=30742"}],"wp:featuredmedia":[{"embeddable":true,"href":"https:\/\/mundo-creole.com\/en\/wp-json\/wp\/v2\/media\/5600"}],"wp:attachment":[{"href":"https:\/\/mundo-creole.com\/en\/wp-json\/wp\/v2\/media?parent=30742"}],"wp:term":[{"taxonomy":"product_cat","embeddable":true,"href":"https:\/\/mundo-creole.com\/en\/wp-json\/wp\/v2\/product_cat?post=30742"},{"taxonomy":"product_tag","embeddable":true,"href":"https:\/\/mundo-creole.com\/en\/wp-json\/wp\/v2\/product_tag?post=30742"}],"curies":[{"name":"wp","href":"https:\/\/api.w.org\/{rel}","templated":true}]}}