{"id":30816,"date":"2019-12-03T16:25:55","date_gmt":"2019-12-03T15:25:55","guid":{"rendered":"https:\/\/mundo-creole.com\/shop\/uncategorized\/tribal-ring-embrace-lotus"},"modified":"2019-12-03T16:25:55","modified_gmt":"2019-12-03T15:25:55","slug":"tribal-ring-embrace-lotus","status":"publish","type":"product","link":"https:\/\/mundo-creole.com\/en\/shop\/jewelry\/rings\/tribal-ring-embrace-lotus","title":{"rendered":"RISE WOMAN RING \u270a"},"content":{"rendered":"<div class=\"\" data-block=\"true\" data-editor=\"1cl5n\" data-offset-key=\"f5hc2-0-0\">\n<div class=\"_1mf _1mj\" data-offset-key=\"f5hc2-0-0\"><span data-offset-key=\"f5hc2-0-0\">I made this for you<\/span><span class=\"_3gl1 _5zz4\" data-offset-key=\"f5hc2-1-0\"><span class=\"_ncl\"><span data-offset-key=\"f5hc2-1-0\"> \u2764\ufe0f and I wear this ring myself every day 24\/7 since I wore it for the first time.<br \/>\n<\/span><\/span><\/span><\/div>\n<\/div>\n<div class=\"\" data-block=\"true\" data-editor=\"1cl5n\" data-offset-key=\"e2dpa-0-0\">\n<div class=\"_1mf _1mj\" data-offset-key=\"e2dpa-0-0\"><span data-offset-key=\"e2dpa-0-0\">\u00a0<\/span><\/div>\n<\/div>\n<div class=\"\" data-block=\"true\" data-editor=\"1cl5n\" data-offset-key=\"22ou0-0-0\">\n<div class=\"_1mf _1mj\" data-offset-key=\"22ou0-0-0\"><span data-offset-key=\"22ou0-0-0\">Meet my new Rise Women Ring.My hope when you wear this Ring is for you to find new length in your spine you didn\u00b4t know existed.<\/span><\/div>\n<\/div>\n<div class=\"\" data-block=\"true\" data-editor=\"1cl5n\" data-offset-key=\"d0962-0-0\">\n<div class=\"_1mf _1mj\" data-offset-key=\"d0962-0-0\"><span data-offset-key=\"d0962-0-0\">To empower women to take up space and walk tall like and old cypress tree.<\/span><\/div>\n<\/div>\n<div class=\"\" data-block=\"true\" data-editor=\"1cl5n\" data-offset-key=\"duo14-0-0\">\n<div class=\"_1mf _1mj\" data-offset-key=\"duo14-0-0\"><span data-offset-key=\"duo14-0-0\">\u00a0<\/span><\/div>\n<\/div>\n<div class=\"\" data-block=\"true\" data-editor=\"1cl5n\" data-offset-key=\"4coj-0-0\">\n<div class=\"_1mf _1mj\" data-offset-key=\"4coj-0-0\"><span data-offset-key=\"4coj-0-0\">Inside the sterling silver ring we have hand engraved WALK TALL as a constant reminder of your POWER.<\/span><\/div>\n<\/div>\n<div class=\"\" data-block=\"true\" data-editor=\"1cl5n\" data-offset-key=\"1sntv-0-0\">\n<div class=\"_1mf _1mj\" data-offset-key=\"1sntv-0-0\"><span data-offset-key=\"1sntv-0-0\">\u00a0<\/span><\/div>\n<\/div>\n<div class=\"\" data-block=\"true\" data-editor=\"1cl5n\" data-offset-key=\"1iq7v-0-0\">\n<div class=\"_1mf _1mj\" data-offset-key=\"1iq7v-0-0\"><span data-offset-key=\"1iq7v-0-0\">I believe that women walking tall will heal this planet.<\/span><\/div>\n<\/div>\n<div class=\"\" data-block=\"true\" data-editor=\"1cl5n\" data-offset-key=\"6l018-0-0\">\n<div class=\"_1mf _1mj\" data-offset-key=\"6l018-0-0\"><span data-offset-key=\"6l018-0-0\">Each ring is lovingly hand crafted.<\/span><\/div>\n<\/div>\n<div class=\"\" data-block=\"true\" data-editor=\"1cl5n\" data-offset-key=\"67olk-0-0\">\n<div class=\"_1mf _1mj\" data-offset-key=\"67olk-0-0\"><span data-offset-key=\"67olk-0-0\">\u00a0<\/span><\/div>\n<\/div>\n<div class=\"\" data-block=\"true\" data-editor=\"1cl5n\" data-offset-key=\"18ipc-0-0\">\n<div class=\"_1mf _1mj\" data-offset-key=\"18ipc-0-0\"><span data-offset-key=\"18ipc-0-0\">&#8212;&#8212;&#8212;&#8212;&#8212;&#8212;&#8212;&#8212;&#8212;&#8211;AVAILABLE IN DIFFERENT SIZES-If you have any question I am happy to help.<\/span><\/div>\n<\/div>\n<p><strong>RING GR\u00d6\u00dfE ERMITTELN<\/strong>-ganz einfach<\/p>\n<p>&#8212;&#8211; Lege einen Ring der dir gut passt auf ein Lineal und lese den Innendurchmesser ( mittig-breiteste stelle) in MILLIMETERN (mm) ab.<\/p>\n<p>&#8212; Hast du z.B einen Innendurchmesser von sagen wir mal 13 mm- 22mm gemessen habe ich deine gr\u00f6\u00dfe auf Lager und du kannst die Gr\u00f6\u00dfe oben in der Auswahl eingeben \ud83d\ude42<\/p>\n<p>DU HAST GRADE KEINEN RING ZUR HAND?<br \/>\n-schneide aus einem Blatt Papier einen schmalen Streifen und wickel diesen um deinen Finger und ziehe ihn so an das er sich noch leicht drehen l\u00e4sst.<br \/>\n&#8211; Makiere nun das Ende des Papierstreifens- Jetzt kannst du mittels einem normalen Lineals die L\u00e4nge bestimmen in mm abgelesen.<\/p>\n<p>Bei Fragen zu dem Produkt schreibt mir gerne eine Nachrricht &lt;3<\/p>\n","protected":false},"excerpt":{"rendered":"<p>I made this for you \u2764\ufe0f and I wear this ring myself every day 24\/7 since I wore it for the first time. \u00a0 Meet my new Rise Women Ring.My hope when you wear this Ring is for you to find new length in your spine you didn\u00b4t know existed. To empower women to take [&hellip;]<\/p>\n","protected":false},"featured_media":5145,"comment_status":"open","ping_status":"closed","template":"","meta":[],"product_cat":[144,1141,1662,135],"product_tag":[],"_links":{"self":[{"href":"https:\/\/mundo-creole.com\/en\/wp-json\/wp\/v2\/product\/30816"}],"collection":[{"href":"https:\/\/mundo-creole.com\/en\/wp-json\/wp\/v2\/product"}],"about":[{"href":"https:\/\/mundo-creole.com\/en\/wp-json\/wp\/v2\/types\/product"}],"replies":[{"embeddable":true,"href":"https:\/\/mundo-creole.com\/en\/wp-json\/wp\/v2\/comments?post=30816"}],"wp:featuredmedia":[{"embeddable":true,"href":"https:\/\/mundo-creole.com\/en\/wp-json\/wp\/v2\/media\/5145"}],"wp:attachment":[{"href":"https:\/\/mundo-creole.com\/en\/wp-json\/wp\/v2\/media?parent=30816"}],"wp:term":[{"taxonomy":"product_cat","embeddable":true,"href":"https:\/\/mundo-creole.com\/en\/wp-json\/wp\/v2\/product_cat?post=30816"},{"taxonomy":"product_tag","embeddable":true,"href":"https:\/\/mundo-creole.com\/en\/wp-json\/wp\/v2\/product_tag?post=30816"}],"curies":[{"name":"wp","href":"https:\/\/api.w.org\/{rel}","templated":true}]}}