{"id":30870,"date":"2019-12-02T11:45:28","date_gmt":"2019-12-02T10:45:28","guid":{"rendered":"https:\/\/mundo-creole.com\/shop\/uncategorized\/wrap-dress-paisley-kimono-langes-kleid-kopie"},"modified":"2019-12-02T11:45:28","modified_gmt":"2019-12-02T10:45:28","slug":"wrap-dress-paisley-kimono-langes-kleid-kopie","status":"publish","type":"product","link":"https:\/\/mundo-creole.com\/en\/shop\/womens-clothing-en\/kimonos-en\/tunics-kimonos\/wrap-dress-paisley-kimono-langes-kleid-kopie","title":{"rendered":"Wrap Dress Paisley \/ Kimono \/ Langes Kleid"},"content":{"rendered":"<p>Wundersch\u00f6nes Maxi Kleid Wickelkleid\u2764 \u2764\u2764\u2764<\/p>\n<p>-l\u00e4sst sich durch zwei b\u00e4nder perfekt an die K\u00f6rperform anpassen.<br \/>\n-V- ausschnitt<br \/>\n-Wrap Dress<\/p>\n<p>Info- Kleid kann auch offen als langer Cardigan getragen werden #wow\u2764<\/p>\n","protected":false},"excerpt":{"rendered":"<p>Wundersch\u00f6nes Maxi Kleid Wickelkleid\u2764 \u2764\u2764\u2764 -l\u00e4sst sich durch zwei b\u00e4nder perfekt an die K\u00f6rperform anpassen. -V- ausschnitt -Wrap Dress Info- Kleid kann auch offen als langer Cardigan getragen werden #wow\u2764<\/p>\n","protected":false},"featured_media":17885,"comment_status":"open","ping_status":"closed","template":"","meta":[],"product_cat":[1146,1223],"product_tag":[],"_links":{"self":[{"href":"https:\/\/mundo-creole.com\/en\/wp-json\/wp\/v2\/product\/30870"}],"collection":[{"href":"https:\/\/mundo-creole.com\/en\/wp-json\/wp\/v2\/product"}],"about":[{"href":"https:\/\/mundo-creole.com\/en\/wp-json\/wp\/v2\/types\/product"}],"replies":[{"embeddable":true,"href":"https:\/\/mundo-creole.com\/en\/wp-json\/wp\/v2\/comments?post=30870"}],"wp:featuredmedia":[{"embeddable":true,"href":"https:\/\/mundo-creole.com\/en\/wp-json\/wp\/v2\/media\/17885"}],"wp:attachment":[{"href":"https:\/\/mundo-creole.com\/en\/wp-json\/wp\/v2\/media?parent=30870"}],"wp:term":[{"taxonomy":"product_cat","embeddable":true,"href":"https:\/\/mundo-creole.com\/en\/wp-json\/wp\/v2\/product_cat?post=30870"},{"taxonomy":"product_tag","embeddable":true,"href":"https:\/\/mundo-creole.com\/en\/wp-json\/wp\/v2\/product_tag?post=30870"}],"curies":[{"name":"wp","href":"https:\/\/api.w.org\/{rel}","templated":true}]}}