{"id":30903,"date":"2019-11-30T21:22:11","date_gmt":"2019-11-30T20:22:11","guid":{"rendered":"https:\/\/mundo-creole.com\/shop\/uncategorized\/silk-jumpsuit-aztek-red-hosenanzug-wickeljumpsuit"},"modified":"2019-11-30T21:22:11","modified_gmt":"2019-11-30T20:22:11","slug":"silk-jumpsuit-aztek-red-hosenanzug-wickeljumpsuit","status":"publish","type":"product","link":"https:\/\/mundo-creole.com\/en\/shop\/womens-clothing-en\/jumpsuits-en\/long-jumpsuits\/silk-jumpsuit-aztek-red-hosenanzug-wickeljumpsuit","title":{"rendered":"Silk Jumpsuit Aztek Red \/ Hosenanzug\/ Wickeljumpsuit"},"content":{"rendered":"<p>Wundersch\u00f6ner Seiden Jumpsuit\/ Hosenanzug zum wickeln mit weit ausgestelltem Bein.<\/p>\n<p>Weichester Seidenstoff in tollem Print.<\/p>\n<p>Der Jumpsuit l\u00e4sst sich auf viele weisen tragen..<br \/>\n-SEHR EINFACHE WICKELTECHNIK<\/p>\n<p>Lass deiner Kreativit\u00e4t freien lauf und &#8220;wickel&#8221; dir den perfekten style f\u00fcr jeden Anlass. \ud83d\ude42<\/p>\n<p>Der Stoff f\u00fchlt sich so toll auf der Haut an- du wirst nichts anderes mehr tragen wollen &lt;3<\/p>\n<p>Pure Boho Bliss**<\/p>\n<p>Bei Fragen zu dem Produkt schreibt mir gerne eine Nachrricht &lt;3<\/p>\n","protected":false},"excerpt":{"rendered":"<p>Wundersch\u00f6ner Seiden Jumpsuit\/ Hosenanzug zum wickeln mit weit ausgestelltem Bein. Weichester Seidenstoff in tollem Print. Der Jumpsuit l\u00e4sst sich auf viele weisen tragen.. -SEHR EINFACHE WICKELTECHNIK Lass deiner Kreativit\u00e4t freien lauf und &#8220;wickel&#8221; dir den perfekten style f\u00fcr jeden Anlass. \ud83d\ude42 Der Stoff f\u00fchlt sich so toll auf der Haut an- du wirst nichts anderes [&hellip;]<\/p>\n","protected":false},"featured_media":2871,"comment_status":"open","ping_status":"closed","template":"","meta":[],"product_cat":[1652,137,72,74],"product_tag":[],"_links":{"self":[{"href":"https:\/\/mundo-creole.com\/en\/wp-json\/wp\/v2\/product\/30903"}],"collection":[{"href":"https:\/\/mundo-creole.com\/en\/wp-json\/wp\/v2\/product"}],"about":[{"href":"https:\/\/mundo-creole.com\/en\/wp-json\/wp\/v2\/types\/product"}],"replies":[{"embeddable":true,"href":"https:\/\/mundo-creole.com\/en\/wp-json\/wp\/v2\/comments?post=30903"}],"wp:featuredmedia":[{"embeddable":true,"href":"https:\/\/mundo-creole.com\/en\/wp-json\/wp\/v2\/media\/2871"}],"wp:attachment":[{"href":"https:\/\/mundo-creole.com\/en\/wp-json\/wp\/v2\/media?parent=30903"}],"wp:term":[{"taxonomy":"product_cat","embeddable":true,"href":"https:\/\/mundo-creole.com\/en\/wp-json\/wp\/v2\/product_cat?post=30903"},{"taxonomy":"product_tag","embeddable":true,"href":"https:\/\/mundo-creole.com\/en\/wp-json\/wp\/v2\/product_tag?post=30903"}],"curies":[{"name":"wp","href":"https:\/\/api.w.org\/{rel}","templated":true}]}}