{"id":30924,"date":"2019-11-30T16:14:51","date_gmt":"2019-11-30T15:14:51","guid":{"rendered":"https:\/\/mundo-creole.com\/shop\/uncategorized\/wickeloberteil-bolero-wickeltop-schwarz-weiss"},"modified":"2019-11-30T16:14:51","modified_gmt":"2019-11-30T15:14:51","slug":"wickeloberteil-bolero-wickeltop-schwarz-weiss","status":"publish","type":"product","link":"https:\/\/mundo-creole.com\/en\/shop\/womens-clothing-en\/tops-en\/crop-tops-en\/wickeloberteil-bolero-wickeltop-schwarz-weiss","title":{"rendered":"Wickeloberteil\/Bolero Wickeltop\/schwarz\/wei\u00df"},"content":{"rendered":"<p>Wundersch\u00f6nes crop top Wickeloberteil mit langen Armen.<br \/>\nZuhaben in Schwarz und Wei\u00df.<br \/>\nGr\u00f6\u00dfen s\/m und m\/L<br \/>\nJersey Stretch<\/p>\n","protected":false},"excerpt":{"rendered":"<p>Wundersch\u00f6nes crop top Wickeloberteil mit langen Armen. Zuhaben in Schwarz und Wei\u00df. Gr\u00f6\u00dfen s\/m und m\/L Jersey Stretch<\/p>\n","protected":false},"featured_media":2705,"comment_status":"open","ping_status":"closed","template":"","meta":[],"product_cat":[90,91],"product_tag":[],"_links":{"self":[{"href":"https:\/\/mundo-creole.com\/en\/wp-json\/wp\/v2\/product\/30924"}],"collection":[{"href":"https:\/\/mundo-creole.com\/en\/wp-json\/wp\/v2\/product"}],"about":[{"href":"https:\/\/mundo-creole.com\/en\/wp-json\/wp\/v2\/types\/product"}],"replies":[{"embeddable":true,"href":"https:\/\/mundo-creole.com\/en\/wp-json\/wp\/v2\/comments?post=30924"}],"wp:featuredmedia":[{"embeddable":true,"href":"https:\/\/mundo-creole.com\/en\/wp-json\/wp\/v2\/media\/2705"}],"wp:attachment":[{"href":"https:\/\/mundo-creole.com\/en\/wp-json\/wp\/v2\/media?parent=30924"}],"wp:term":[{"taxonomy":"product_cat","embeddable":true,"href":"https:\/\/mundo-creole.com\/en\/wp-json\/wp\/v2\/product_cat?post=30924"},{"taxonomy":"product_tag","embeddable":true,"href":"https:\/\/mundo-creole.com\/en\/wp-json\/wp\/v2\/product_tag?post=30924"}],"curies":[{"name":"wp","href":"https:\/\/api.w.org\/{rel}","templated":true}]}}