{"id":30928,"date":"2019-11-30T16:06:33","date_gmt":"2019-11-30T15:06:33","guid":{"rendered":"https:\/\/mundo-creole.com\/shop\/uncategorized\/oberarmreifen-gold-brass-silber-brass"},"modified":"2024-06-22T21:15:41","modified_gmt":"2024-06-22T19:15:41","slug":"oberarmreifen-gold-brass-silber-brass","status":"publish","type":"product","link":"https:\/\/mundo-creole.com\/en\/shop\/jewelry\/bracelets\/oberarmreifen-gold-brass-silber-brass","title":{"rendered":"Oberarmreifen Gold Brass\/Silber Brass"},"content":{"rendered":"<p>wundersch\u00f6ner Oberarmreifen &lt;3<br \/>\nZuhaben in Gold Brass und Silber Brass.<\/p>\n<p>Gr\u00f6\u00dfe l\u00e4sst sich einfach anpassen.<\/p>\n<p>Bei Fragen zu dem Produkt schreibt mir gerne eine Nachrricht.<br \/>\n&lt;3<\/p>\n","protected":false},"excerpt":{"rendered":"<p>wundersch\u00f6ner Oberarmreifen &lt;3 Zuhaben in Gold Brass und Silber Brass. Gr\u00f6\u00dfe l\u00e4sst sich einfach anpassen. Bei Fragen zu dem Produkt schreibt mir gerne eine Nachrricht. &lt;3<\/p>\n","protected":false},"featured_media":2674,"comment_status":"open","ping_status":"closed","template":"","meta":[],"product_cat":[145,1662,135],"product_tag":[],"_links":{"self":[{"href":"https:\/\/mundo-creole.com\/en\/wp-json\/wp\/v2\/product\/30928"}],"collection":[{"href":"https:\/\/mundo-creole.com\/en\/wp-json\/wp\/v2\/product"}],"about":[{"href":"https:\/\/mundo-creole.com\/en\/wp-json\/wp\/v2\/types\/product"}],"replies":[{"embeddable":true,"href":"https:\/\/mundo-creole.com\/en\/wp-json\/wp\/v2\/comments?post=30928"}],"wp:featuredmedia":[{"embeddable":true,"href":"https:\/\/mundo-creole.com\/en\/wp-json\/wp\/v2\/media\/2674"}],"wp:attachment":[{"href":"https:\/\/mundo-creole.com\/en\/wp-json\/wp\/v2\/media?parent=30928"}],"wp:term":[{"taxonomy":"product_cat","embeddable":true,"href":"https:\/\/mundo-creole.com\/en\/wp-json\/wp\/v2\/product_cat?post=30928"},{"taxonomy":"product_tag","embeddable":true,"href":"https:\/\/mundo-creole.com\/en\/wp-json\/wp\/v2\/product_tag?post=30928"}],"curies":[{"name":"wp","href":"https:\/\/api.w.org\/{rel}","templated":true}]}}