{"id":30964,"date":"2019-11-22T16:38:22","date_gmt":"2019-11-22T15:38:22","guid":{"rendered":"https:\/\/mundo-creole.com\/shop\/uncategorized\/hooded-scarf-kaputzen-schal-paisely-blue"},"modified":"2019-11-22T16:38:22","modified_gmt":"2019-11-22T15:38:22","slug":"hooded-scarf-kaputzen-schal-paisely-blue","status":"publish","type":"product","link":"https:\/\/mundo-creole.com\/en\/shop\/accessories\/hoods-en\/hooded-scarf-kaputzen-schal-paisely-blue","title":{"rendered":"Hooded Scarf\/im innenteil warmer Fleece\/Paisley Blue"},"content":{"rendered":"<p>Kaputzen Schal mit extra gro\u00dfer Kaputze.<\/p>\n<p>Im Innenteil ist kuscheliger warmer Fleece eingen\u00e4ht.<\/p>\n<p>-Einheitsgr\u00f6\u00dfe<\/p>\n<p>-Fleece im Innenteil<\/p>\n<p>&nbsp;<\/p>\n","protected":false},"excerpt":{"rendered":"<p>Kaputzen Schal mit extra gro\u00dfer Kaputze. Im Innenteil ist kuscheliger warmer Fleece eingen\u00e4ht. -Einheitsgr\u00f6\u00dfe -Fleece im Innenteil &nbsp;<\/p>\n","protected":false},"featured_media":8518,"comment_status":"open","ping_status":"closed","template":"","meta":[],"product_cat":[123,127,126,295],"product_tag":[],"_links":{"self":[{"href":"https:\/\/mundo-creole.com\/en\/wp-json\/wp\/v2\/product\/30964"}],"collection":[{"href":"https:\/\/mundo-creole.com\/en\/wp-json\/wp\/v2\/product"}],"about":[{"href":"https:\/\/mundo-creole.com\/en\/wp-json\/wp\/v2\/types\/product"}],"replies":[{"embeddable":true,"href":"https:\/\/mundo-creole.com\/en\/wp-json\/wp\/v2\/comments?post=30964"}],"wp:featuredmedia":[{"embeddable":true,"href":"https:\/\/mundo-creole.com\/en\/wp-json\/wp\/v2\/media\/8518"}],"wp:attachment":[{"href":"https:\/\/mundo-creole.com\/en\/wp-json\/wp\/v2\/media?parent=30964"}],"wp:term":[{"taxonomy":"product_cat","embeddable":true,"href":"https:\/\/mundo-creole.com\/en\/wp-json\/wp\/v2\/product_cat?post=30964"},{"taxonomy":"product_tag","embeddable":true,"href":"https:\/\/mundo-creole.com\/en\/wp-json\/wp\/v2\/product_tag?post=30964"}],"curies":[{"name":"wp","href":"https:\/\/api.w.org\/{rel}","templated":true}]}}