{"id":30969,"date":"2019-11-22T15:34:21","date_gmt":"2019-11-22T14:34:21","guid":{"rendered":"https:\/\/mundo-creole.com\/shop\/uncategorized\/aztek-xxl-schal-orion"},"modified":"2021-01-21T17:01:14","modified_gmt":"2021-01-21T16:01:14","slug":"aztek-xxl-schal-orion","status":"publish","type":"product","link":"https:\/\/mundo-creole.com\/en\/shop\/accessories\/scarves\/aztek-xxl-schal-orion","title":{"rendered":"Aztek \/XXL Schal\/Orion"},"content":{"rendered":"<p>Wundersch\u00f6ner kuschelweicher warmer xxl Schal in wundersch\u00f6nem Aztek Print.<\/p>\n<p>Ein \u00b4Must Have\u00b4 f\u00fcr die k\u00e4lteren Tage.<br \/>\n-Beidseitig tragbar<br \/>\nMa\u00dfe 200 x100 cm<\/p>\n<p>Auch als leichte Decke,Poncho,Stola,Festivalbegleiter oder in der Yoga Klasse ist das kuschelige St\u00fcck der perfekte Begleiter.<br \/>\n&#8212;&gt;Sie machen sich auch besonders gut als Geschenk unter dem Tannenbaum \ud83d\ude42<br \/>\nSchal wird in sch\u00f6nem Stoff beutel geliefert.<\/p>\n<p>&lt;3<\/p>\n","protected":false},"excerpt":{"rendered":"<p>Wundersch\u00f6ner kuschelweicher warmer xxl Schal in wundersch\u00f6nem Aztek Print. Ein \u00b4Must Have\u00b4 f\u00fcr die k\u00e4lteren Tage. -Beidseitig tragbar Ma\u00dfe 200 x100 cm Auch als leichte Decke,Poncho,Stola,Festivalbegleiter oder in der Yoga Klasse ist das kuschelige St\u00fcck der perfekte Begleiter. &#8212;&gt;Sie machen sich auch besonders gut als Geschenk unter dem Tannenbaum \ud83d\ude42 Schal wird in sch\u00f6nem Stoff [&hellip;]<\/p>\n","protected":false},"featured_media":57467,"comment_status":"open","ping_status":"closed","template":"","meta":[],"product_cat":[123,127,295],"product_tag":[],"_links":{"self":[{"href":"https:\/\/mundo-creole.com\/en\/wp-json\/wp\/v2\/product\/30969"}],"collection":[{"href":"https:\/\/mundo-creole.com\/en\/wp-json\/wp\/v2\/product"}],"about":[{"href":"https:\/\/mundo-creole.com\/en\/wp-json\/wp\/v2\/types\/product"}],"replies":[{"embeddable":true,"href":"https:\/\/mundo-creole.com\/en\/wp-json\/wp\/v2\/comments?post=30969"}],"wp:featuredmedia":[{"embeddable":true,"href":"https:\/\/mundo-creole.com\/en\/wp-json\/wp\/v2\/media\/57467"}],"wp:attachment":[{"href":"https:\/\/mundo-creole.com\/en\/wp-json\/wp\/v2\/media?parent=30969"}],"wp:term":[{"taxonomy":"product_cat","embeddable":true,"href":"https:\/\/mundo-creole.com\/en\/wp-json\/wp\/v2\/product_cat?post=30969"},{"taxonomy":"product_tag","embeddable":true,"href":"https:\/\/mundo-creole.com\/en\/wp-json\/wp\/v2\/product_tag?post=30969"}],"curies":[{"name":"wp","href":"https:\/\/api.w.org\/{rel}","templated":true}]}}