{"id":30975,"date":"2019-11-22T14:00:35","date_gmt":"2019-11-22T13:00:35","guid":{"rendered":"https:\/\/mundo-creole.com\/shop\/uncategorized\/eternity-blue-xxl-schal"},"modified":"2019-11-22T14:00:35","modified_gmt":"2019-11-22T13:00:35","slug":"eternity-blue-xxl-schal","status":"publish","type":"product","link":"https:\/\/mundo-creole.com\/en\/shop\/urban-gypsy-queen-en\/accessory\/eternity-blue-xxl-schal","title":{"rendered":"Paisley Gr\u00fcn\/XXL Schal"},"content":{"rendered":"<p>Wundersch\u00f6ner warmer xxl Schal ein \u00b4Must Have\u00b4 f\u00fcr die k\u00e4lteren Tage.<br \/>\n-Beidseitig tragbar<br \/>\nMa\u00dfe 200 x100 cm<\/p>\n<p>Auch als leichte Decke,Poncho,Festivalbegleiter oder in der Yoga Klasse ist das kuschelige St\u00fcck der perfekte Begleiter.<br \/>\n&#8212;&gt;Sie machen sich auch besonders gut als Geschenk unter dem Tannenbaum \ud83d\ude42<br \/>\nSchal wird in sch\u00f6nem Stoff beutel geliefert.<\/p>\n<p>&lt;3<\/p>\n","protected":false},"excerpt":{"rendered":"<p>Wundersch\u00f6ner warmer xxl Schal ein \u00b4Must Have\u00b4 f\u00fcr die k\u00e4lteren Tage. -Beidseitig tragbar Ma\u00dfe 200 x100 cm Auch als leichte Decke,Poncho,Festivalbegleiter oder in der Yoga Klasse ist das kuschelige St\u00fcck der perfekte Begleiter. &#8212;&gt;Sie machen sich auch besonders gut als Geschenk unter dem Tannenbaum \ud83d\ude42 Schal wird in sch\u00f6nem Stoff beutel geliefert. &lt;3<\/p>\n","protected":false},"featured_media":54919,"comment_status":"open","ping_status":"closed","template":"","meta":[],"product_cat":[123,127,1662,295],"product_tag":[],"_links":{"self":[{"href":"https:\/\/mundo-creole.com\/en\/wp-json\/wp\/v2\/product\/30975"}],"collection":[{"href":"https:\/\/mundo-creole.com\/en\/wp-json\/wp\/v2\/product"}],"about":[{"href":"https:\/\/mundo-creole.com\/en\/wp-json\/wp\/v2\/types\/product"}],"replies":[{"embeddable":true,"href":"https:\/\/mundo-creole.com\/en\/wp-json\/wp\/v2\/comments?post=30975"}],"wp:featuredmedia":[{"embeddable":true,"href":"https:\/\/mundo-creole.com\/en\/wp-json\/wp\/v2\/media\/54919"}],"wp:attachment":[{"href":"https:\/\/mundo-creole.com\/en\/wp-json\/wp\/v2\/media?parent=30975"}],"wp:term":[{"taxonomy":"product_cat","embeddable":true,"href":"https:\/\/mundo-creole.com\/en\/wp-json\/wp\/v2\/product_cat?post=30975"},{"taxonomy":"product_tag","embeddable":true,"href":"https:\/\/mundo-creole.com\/en\/wp-json\/wp\/v2\/product_tag?post=30975"}],"curies":[{"name":"wp","href":"https:\/\/api.w.org\/{rel}","templated":true}]}}