{"id":30977,"date":"2019-11-22T13:18:40","date_gmt":"2019-11-22T12:18:40","guid":{"rendered":"https:\/\/mundo-creole.com\/shop\/uncategorized\/newlanger-oversize-pullover-grau-miliert"},"modified":"2019-11-22T13:18:40","modified_gmt":"2019-11-22T12:18:40","slug":"newlanger-oversize-pullover-grau-miliert","status":"publish","type":"product","link":"https:\/\/mundo-creole.com\/en\/shop\/womens-clothing-en\/newlanger-oversize-pullover-grau-miliert","title":{"rendered":"New*Langer Oversize Pullover Grau Miliert"},"content":{"rendered":"<p>Neues Design*<\/p>\n<p>Extra Langer gem\u00fctlicher Oversize Pullover in Grau Miliert<\/p>\n<p>Lieblingspullover \u2764!!!<\/p>\n<p>-Einheitsgr\u00f6\u00dfe<br \/>\n-sch\u00f6ner gro\u00dfer Rundhalsausschnitt<br \/>\n-Toller Schnitt der sich wunderbar an deine K\u00f6rperform anpasst und das Material f\u00e4llt wunderbar!<\/p>\n<p>&nbsp;<\/p>\n","protected":false},"excerpt":{"rendered":"<p>Neues Design* Extra Langer gem\u00fctlicher Oversize Pullover in Grau Miliert Lieblingspullover \u2764!!! -Einheitsgr\u00f6\u00dfe -sch\u00f6ner gro\u00dfer Rundhalsausschnitt -Toller Schnitt der sich wunderbar an deine K\u00f6rperform anpasst und das Material f\u00e4llt wunderbar! &nbsp;<\/p>\n","protected":false},"featured_media":53752,"comment_status":"open","ping_status":"closed","template":"","meta":[],"product_cat":[295,66],"product_tag":[],"_links":{"self":[{"href":"https:\/\/mundo-creole.com\/en\/wp-json\/wp\/v2\/product\/30977"}],"collection":[{"href":"https:\/\/mundo-creole.com\/en\/wp-json\/wp\/v2\/product"}],"about":[{"href":"https:\/\/mundo-creole.com\/en\/wp-json\/wp\/v2\/types\/product"}],"replies":[{"embeddable":true,"href":"https:\/\/mundo-creole.com\/en\/wp-json\/wp\/v2\/comments?post=30977"}],"wp:featuredmedia":[{"embeddable":true,"href":"https:\/\/mundo-creole.com\/en\/wp-json\/wp\/v2\/media\/53752"}],"wp:attachment":[{"href":"https:\/\/mundo-creole.com\/en\/wp-json\/wp\/v2\/media?parent=30977"}],"wp:term":[{"taxonomy":"product_cat","embeddable":true,"href":"https:\/\/mundo-creole.com\/en\/wp-json\/wp\/v2\/product_cat?post=30977"},{"taxonomy":"product_tag","embeddable":true,"href":"https:\/\/mundo-creole.com\/en\/wp-json\/wp\/v2\/product_tag?post=30977"}],"curies":[{"name":"wp","href":"https:\/\/api.w.org\/{rel}","templated":true}]}}