{"id":30978,"date":"2019-11-22T11:33:32","date_gmt":"2019-11-22T10:33:32","guid":{"rendered":"https:\/\/mundo-creole.com\/shop\/uncategorized\/oversize-pullover-poncho-paisely-occa-kopie"},"modified":"2019-11-22T11:33:32","modified_gmt":"2019-11-22T10:33:32","slug":"oversize-pullover-poncho-paisely-occa-kopie","status":"publish","type":"product","link":"https:\/\/mundo-creole.com\/en\/shop\/womens-clothing-en\/jackets\/between-the-season-en\/oversize-pullover-poncho-paisely-occa-kopie","title":{"rendered":"Oversize Cardigan\/Poncho Paisley Occa"},"content":{"rendered":"<p>Wundersch\u00f6ner Oversize Pullover\/Cardigan in Paisley Occa Muster -einer meiner Favorites!:-)<br \/>\nEr L\u00e4sst sich super toll kombinieren und h\u00e4lt dazu noch sch\u00f6n warm.<br \/>\n&#8211;&gt;Durch einen gro\u00dfen Knopf mittig l\u00e4sst er sich schliessen,man kann dieses tolle Teil aber auch offen tragen als oversize Cardigan\/Jacke.<\/p>\n<p>Der Schnitt ist vorne kurz und der hintere Teil ist l\u00e4nger geschnitten.<br \/>\nDie \u00c4rmel sind extra lang\/Breit geschnitten.<\/p>\n<p>-Einheitsgr\u00f6\u00dfe<\/p>\n<p>Bei Fragen schreibt mir jederzeit eine Nachrricht.<\/p>\n<p>&#8212;&gt;L\u00e4sst sich wunderbar per 30 grad waschen.<\/p>\n","protected":false},"excerpt":{"rendered":"<p>Wundersch\u00f6ner Oversize Pullover\/Cardigan in Paisley Occa Muster -einer meiner Favorites!:-) Er L\u00e4sst sich super toll kombinieren und h\u00e4lt dazu noch sch\u00f6n warm. &#8211;&gt;Durch einen gro\u00dfen Knopf mittig l\u00e4sst er sich schliessen,man kann dieses tolle Teil aber auch offen tragen als oversize Cardigan\/Jacke. Der Schnitt ist vorne kurz und der hintere Teil ist l\u00e4nger geschnitten. Die [&hellip;]<\/p>\n","protected":false},"featured_media":57685,"comment_status":"open","ping_status":"closed","template":"","meta":[],"product_cat":[139,66,67,68,71],"product_tag":[],"_links":{"self":[{"href":"https:\/\/mundo-creole.com\/en\/wp-json\/wp\/v2\/product\/30978"}],"collection":[{"href":"https:\/\/mundo-creole.com\/en\/wp-json\/wp\/v2\/product"}],"about":[{"href":"https:\/\/mundo-creole.com\/en\/wp-json\/wp\/v2\/types\/product"}],"replies":[{"embeddable":true,"href":"https:\/\/mundo-creole.com\/en\/wp-json\/wp\/v2\/comments?post=30978"}],"wp:featuredmedia":[{"embeddable":true,"href":"https:\/\/mundo-creole.com\/en\/wp-json\/wp\/v2\/media\/57685"}],"wp:attachment":[{"href":"https:\/\/mundo-creole.com\/en\/wp-json\/wp\/v2\/media?parent=30978"}],"wp:term":[{"taxonomy":"product_cat","embeddable":true,"href":"https:\/\/mundo-creole.com\/en\/wp-json\/wp\/v2\/product_cat?post=30978"},{"taxonomy":"product_tag","embeddable":true,"href":"https:\/\/mundo-creole.com\/en\/wp-json\/wp\/v2\/product_tag?post=30978"}],"curies":[{"name":"wp","href":"https:\/\/api.w.org\/{rel}","templated":true}]}}