{"id":31096,"date":"2019-12-05T06:09:34","date_gmt":"2019-12-05T05:09:34","guid":{"rendered":"https:\/\/mundo-creole.com\/shop\/uncategorized\/spirale-ear-climber-plain-gold-2stueck"},"modified":"2019-12-05T06:09:34","modified_gmt":"2019-12-05T05:09:34","slug":"spirale-ear-climber-plain-gold-2stueck","status":"publish","type":"product","link":"https:\/\/mundo-creole.com\/en\/shop\/jewelry\/earrings\/spirale-ear-climber-plain-gold-2stueck","title":{"rendered":"Spirale \/Ear climber \/ plain Gold Brass 2St\u00fcck"},"content":{"rendered":"<p>wundersch\u00f6ne ohr spirale aus Brass\/ 2St\u00fcck- f\u00fcr das rechte und linke Ohr.<\/p>\n<p>&nbsp;<\/p>\n<p>Die l\u00e4nger ist 20 mm und die breite 8 mm<\/p>\n<p>Bei Fragen zu dem Produkt schreibt mir einfach eine Nachrricht.<\/p>\n<p>LOVE &lt;3<\/p>\n","protected":false},"excerpt":{"rendered":"<p>wundersch\u00f6ne ohr spirale aus Brass\/ 2St\u00fcck- f\u00fcr das rechte und linke Ohr. &nbsp; Die l\u00e4nger ist 20 mm und die breite 8 mm Bei Fragen zu dem Produkt schreibt mir einfach eine Nachrricht. LOVE &lt;3<\/p>\n","protected":false},"featured_media":6235,"comment_status":"open","ping_status":"closed","template":"","meta":[],"product_cat":[144,147,135],"product_tag":[],"_links":{"self":[{"href":"https:\/\/mundo-creole.com\/en\/wp-json\/wp\/v2\/product\/31096"}],"collection":[{"href":"https:\/\/mundo-creole.com\/en\/wp-json\/wp\/v2\/product"}],"about":[{"href":"https:\/\/mundo-creole.com\/en\/wp-json\/wp\/v2\/types\/product"}],"replies":[{"embeddable":true,"href":"https:\/\/mundo-creole.com\/en\/wp-json\/wp\/v2\/comments?post=31096"}],"wp:featuredmedia":[{"embeddable":true,"href":"https:\/\/mundo-creole.com\/en\/wp-json\/wp\/v2\/media\/6235"}],"wp:attachment":[{"href":"https:\/\/mundo-creole.com\/en\/wp-json\/wp\/v2\/media?parent=31096"}],"wp:term":[{"taxonomy":"product_cat","embeddable":true,"href":"https:\/\/mundo-creole.com\/en\/wp-json\/wp\/v2\/product_cat?post=31096"},{"taxonomy":"product_tag","embeddable":true,"href":"https:\/\/mundo-creole.com\/en\/wp-json\/wp\/v2\/product_tag?post=31096"}],"curies":[{"name":"wp","href":"https:\/\/api.w.org\/{rel}","templated":true}]}}