{"id":31146,"date":"2019-11-20T16:57:10","date_gmt":"2019-11-20T15:57:10","guid":{"rendered":"https:\/\/mundo-creole.com\/shop\/uncategorized\/hoodie-dress-flower-of-life-schwarz"},"modified":"2019-11-20T16:57:10","modified_gmt":"2019-11-20T15:57:10","slug":"hoodie-dress-flower-of-life-schwarz","status":"publish","type":"product","link":"https:\/\/mundo-creole.com\/en\/shop\/sale-en\/hoodie-dress-flower-of-life-schwarz","title":{"rendered":"Hoodie Dress Flower of Life Schwarz"},"content":{"rendered":"<p>Wundersch\u00f6ner warmer gem\u00fctlicher Langer Oversized Hoodie\/Hoodie Dress mit schwarzem\u00a0 Flower of Life Print in der extra gro\u00dfen Kaputze und an den Seitentaschen<\/p>\n<p>-Daumenl\u00f6cher<br \/>\n-extra lange \u00c4rmel<\/p>\n<p>***Flower of Life-Blume des Lebens***<\/p>\n","protected":false},"excerpt":{"rendered":"<p>Wundersch\u00f6ner warmer gem\u00fctlicher Langer Oversized Hoodie\/Hoodie Dress mit schwarzem\u00a0 Flower of Life Print in der extra gro\u00dfen Kaputze und an den Seitentaschen -Daumenl\u00f6cher -extra lange \u00c4rmel ***Flower of Life-Blume des Lebens***<\/p>\n","protected":false},"featured_media":53682,"comment_status":"open","ping_status":"closed","template":"","meta":[],"product_cat":[295],"product_tag":[],"_links":{"self":[{"href":"https:\/\/mundo-creole.com\/en\/wp-json\/wp\/v2\/product\/31146"}],"collection":[{"href":"https:\/\/mundo-creole.com\/en\/wp-json\/wp\/v2\/product"}],"about":[{"href":"https:\/\/mundo-creole.com\/en\/wp-json\/wp\/v2\/types\/product"}],"replies":[{"embeddable":true,"href":"https:\/\/mundo-creole.com\/en\/wp-json\/wp\/v2\/comments?post=31146"}],"wp:featuredmedia":[{"embeddable":true,"href":"https:\/\/mundo-creole.com\/en\/wp-json\/wp\/v2\/media\/53682"}],"wp:attachment":[{"href":"https:\/\/mundo-creole.com\/en\/wp-json\/wp\/v2\/media?parent=31146"}],"wp:term":[{"taxonomy":"product_cat","embeddable":true,"href":"https:\/\/mundo-creole.com\/en\/wp-json\/wp\/v2\/product_cat?post=31146"},{"taxonomy":"product_tag","embeddable":true,"href":"https:\/\/mundo-creole.com\/en\/wp-json\/wp\/v2\/product_tag?post=31146"}],"curies":[{"name":"wp","href":"https:\/\/api.w.org\/{rel}","templated":true}]}}