{"id":31149,"date":"2019-11-20T12:50:06","date_gmt":"2019-11-20T11:50:06","guid":{"rendered":"https:\/\/mundo-creole.com\/shop\/uncategorized\/oversize-pullover-grau"},"modified":"2019-11-20T12:50:06","modified_gmt":"2019-11-20T11:50:06","slug":"oversize-pullover-grau","status":"publish","type":"product","link":"https:\/\/mundo-creole.com\/en\/shop\/sale-en\/oversize-pullover-grau","title":{"rendered":"Oversize Pullover Grau"},"content":{"rendered":"<p>Langer gem\u00fctlicher Oversize Pullover<br \/>\nl\u00e4sst sich auf verschieden weisen tragen<br \/>\nEinheitsgr\u00f6\u00dfe<\/p>\n<p>-Bamboo Cotton &lt;3<\/p>\n","protected":false},"excerpt":{"rendered":"<p>Langer gem\u00fctlicher Oversize Pullover l\u00e4sst sich auf verschieden weisen tragen Einheitsgr\u00f6\u00dfe -Bamboo Cotton &lt;3<\/p>\n","protected":false},"featured_media":1305,"comment_status":"open","ping_status":"closed","template":"","meta":[],"product_cat":[295],"product_tag":[],"_links":{"self":[{"href":"https:\/\/mundo-creole.com\/en\/wp-json\/wp\/v2\/product\/31149"}],"collection":[{"href":"https:\/\/mundo-creole.com\/en\/wp-json\/wp\/v2\/product"}],"about":[{"href":"https:\/\/mundo-creole.com\/en\/wp-json\/wp\/v2\/types\/product"}],"replies":[{"embeddable":true,"href":"https:\/\/mundo-creole.com\/en\/wp-json\/wp\/v2\/comments?post=31149"}],"wp:featuredmedia":[{"embeddable":true,"href":"https:\/\/mundo-creole.com\/en\/wp-json\/wp\/v2\/media\/1305"}],"wp:attachment":[{"href":"https:\/\/mundo-creole.com\/en\/wp-json\/wp\/v2\/media?parent=31149"}],"wp:term":[{"taxonomy":"product_cat","embeddable":true,"href":"https:\/\/mundo-creole.com\/en\/wp-json\/wp\/v2\/product_cat?post=31149"},{"taxonomy":"product_tag","embeddable":true,"href":"https:\/\/mundo-creole.com\/en\/wp-json\/wp\/v2\/product_tag?post=31149"}],"curies":[{"name":"wp","href":"https:\/\/api.w.org\/{rel}","templated":true}]}}