{"id":31212,"date":"2019-05-24T15:54:21","date_gmt":"2019-05-24T13:54:21","guid":{"rendered":"https:\/\/mundo-creole.com\/shop\/uncategorized\/boho-rock-ikat-print-handstiched-fester-stoff-reissverschluss"},"modified":"2019-05-24T15:54:21","modified_gmt":"2019-05-24T13:54:21","slug":"boho-rock-ikat-print-handstiched-fester-stoff-reissverschluss","status":"publish","type":"product","link":"https:\/\/mundo-creole.com\/en\/shop\/womens-clothing-en\/skirts\/short-skirts\/boho-rock-ikat-print-handstiched-fester-stoff-reissverschluss","title":{"rendered":"Boho Rock\/Ikat Print\/Handstiched"},"content":{"rendered":"<p>wundersch\u00f6ner Rock im Boho Tribal Look aus festem Stoff *one of a kind*<br \/>\n-mit Rei\u00dfverschluss<\/p>\n<p>&#8212;auch wunderbar \u00fcber einer Leggings tragbar&#8212;<\/p>\n<p>zuhaben in den gr\u00f6\u00dfen s\/m und m\/L<\/p>\n","protected":false},"excerpt":{"rendered":"<p>wundersch\u00f6ner Rock im Boho Tribal Look aus festem Stoff *one of a kind* -mit Rei\u00dfverschluss &#8212;auch wunderbar \u00fcber einer Leggings tragbar&#8212; zuhaben in den gr\u00f6\u00dfen s\/m und m\/L<\/p>\n","protected":false},"featured_media":3032,"comment_status":"open","ping_status":"closed","template":"","meta":[],"product_cat":[137,139,87,88],"product_tag":[],"_links":{"self":[{"href":"https:\/\/mundo-creole.com\/en\/wp-json\/wp\/v2\/product\/31212"}],"collection":[{"href":"https:\/\/mundo-creole.com\/en\/wp-json\/wp\/v2\/product"}],"about":[{"href":"https:\/\/mundo-creole.com\/en\/wp-json\/wp\/v2\/types\/product"}],"replies":[{"embeddable":true,"href":"https:\/\/mundo-creole.com\/en\/wp-json\/wp\/v2\/comments?post=31212"}],"wp:featuredmedia":[{"embeddable":true,"href":"https:\/\/mundo-creole.com\/en\/wp-json\/wp\/v2\/media\/3032"}],"wp:attachment":[{"href":"https:\/\/mundo-creole.com\/en\/wp-json\/wp\/v2\/media?parent=31212"}],"wp:term":[{"taxonomy":"product_cat","embeddable":true,"href":"https:\/\/mundo-creole.com\/en\/wp-json\/wp\/v2\/product_cat?post=31212"},{"taxonomy":"product_tag","embeddable":true,"href":"https:\/\/mundo-creole.com\/en\/wp-json\/wp\/v2\/product_tag?post=31212"}],"curies":[{"name":"wp","href":"https:\/\/api.w.org\/{rel}","templated":true}]}}