{"id":31236,"date":"2019-05-24T15:51:55","date_gmt":"2019-05-24T13:51:55","guid":{"rendered":"https:\/\/mundo-creole.com\/shop\/uncategorized\/full-button-silk-dress-pink-tribal-seide-2"},"modified":"2019-05-24T15:51:55","modified_gmt":"2019-05-24T13:51:55","slug":"full-button-silk-dress-pink-tribal-seide-2","status":"publish","type":"product","link":"https:\/\/mundo-creole.com\/en\/shop\/womens-clothing-en\/dresses-en\/maxi-dresses-en\/full-button-silk-dress-pink-tribal-seide-2","title":{"rendered":"Full Button Silk Dress\/ Pink Tribal"},"content":{"rendered":"<p>Wundersch\u00f6nes Maxi Kleid \u2764 \u2764\u2764\u2764<\/p>\n<p>-l\u00e4sst sich durch zwei b\u00e4nder am R\u00fccken perfekt an die K\u00f6rperform anpassen.<br \/>\n-leicht offenes Bein<br \/>\n-V- ausschnitt<\/p>\n<p>Info- Kleid kann auch offen als langer Cardigan getragen werden #wow\u2764<\/p>\n","protected":false},"excerpt":{"rendered":"<p>Wundersch\u00f6nes Maxi Kleid \u2764 \u2764\u2764\u2764 -l\u00e4sst sich durch zwei b\u00e4nder am R\u00fccken perfekt an die K\u00f6rperform anpassen. -leicht offenes Bein -V- ausschnitt Info- Kleid kann auch offen als langer Cardigan getragen werden #wow\u2764<\/p>\n","protected":false},"featured_media":44661,"comment_status":"open","ping_status":"closed","template":"","meta":[],"product_cat":[1657,1659,137],"product_tag":[],"_links":{"self":[{"href":"https:\/\/mundo-creole.com\/en\/wp-json\/wp\/v2\/product\/31236"}],"collection":[{"href":"https:\/\/mundo-creole.com\/en\/wp-json\/wp\/v2\/product"}],"about":[{"href":"https:\/\/mundo-creole.com\/en\/wp-json\/wp\/v2\/types\/product"}],"replies":[{"embeddable":true,"href":"https:\/\/mundo-creole.com\/en\/wp-json\/wp\/v2\/comments?post=31236"}],"wp:featuredmedia":[{"embeddable":true,"href":"https:\/\/mundo-creole.com\/en\/wp-json\/wp\/v2\/media\/44661"}],"wp:attachment":[{"href":"https:\/\/mundo-creole.com\/en\/wp-json\/wp\/v2\/media?parent=31236"}],"wp:term":[{"taxonomy":"product_cat","embeddable":true,"href":"https:\/\/mundo-creole.com\/en\/wp-json\/wp\/v2\/product_cat?post=31236"},{"taxonomy":"product_tag","embeddable":true,"href":"https:\/\/mundo-creole.com\/en\/wp-json\/wp\/v2\/product_tag?post=31236"}],"curies":[{"name":"wp","href":"https:\/\/api.w.org\/{rel}","templated":true}]}}