{"id":31285,"date":"2019-12-02T18:37:50","date_gmt":"2019-12-02T17:37:50","guid":{"rendered":"https:\/\/mundo-creole.com\/shop\/uncategorized\/waben-ring-geometrisch-2"},"modified":"2019-12-02T18:37:50","modified_gmt":"2019-12-02T17:37:50","slug":"waben-ring-geometrisch-2","status":"publish","type":"product","link":"https:\/\/mundo-creole.com\/en\/shop\/jewelry\/rings\/waben-ring-geometrisch-2","title":{"rendered":"Waben Ring\/geometrisch"},"content":{"rendered":"<p>Wundersch\u00f6ner Waben Ring<\/p>\n<p>Dieser Waben Schmuck entstand aus Wertsch\u00e4tzung der Bienen, die Strukturen, die sie erstellen und ihre erstaunliche Arbeit in der Natur.&lt;3<\/p>\n<p><strong>Gr\u00f6\u00dfe anpassbar<\/strong><\/p>\n<p>Bei Fragen zu dem Produkt schreibt mir gerne eine Nachrricht &lt;3<\/p>\n<p>&nbsp;<\/p>\n<p>&nbsp;<\/p>\n","protected":false},"excerpt":{"rendered":"<p>Wundersch\u00f6ner Waben Ring Dieser Waben Schmuck entstand aus Wertsch\u00e4tzung der Bienen, die Strukturen, die sie erstellen und ihre erstaunliche Arbeit in der Natur.&lt;3 Gr\u00f6\u00dfe anpassbar Bei Fragen zu dem Produkt schreibt mir gerne eine Nachrricht &lt;3 &nbsp; &nbsp;<\/p>\n","protected":false},"featured_media":4395,"comment_status":"open","ping_status":"closed","template":"","meta":[],"product_cat":[144,1141,135],"product_tag":[],"_links":{"self":[{"href":"https:\/\/mundo-creole.com\/en\/wp-json\/wp\/v2\/product\/31285"}],"collection":[{"href":"https:\/\/mundo-creole.com\/en\/wp-json\/wp\/v2\/product"}],"about":[{"href":"https:\/\/mundo-creole.com\/en\/wp-json\/wp\/v2\/types\/product"}],"replies":[{"embeddable":true,"href":"https:\/\/mundo-creole.com\/en\/wp-json\/wp\/v2\/comments?post=31285"}],"wp:featuredmedia":[{"embeddable":true,"href":"https:\/\/mundo-creole.com\/en\/wp-json\/wp\/v2\/media\/4395"}],"wp:attachment":[{"href":"https:\/\/mundo-creole.com\/en\/wp-json\/wp\/v2\/media?parent=31285"}],"wp:term":[{"taxonomy":"product_cat","embeddable":true,"href":"https:\/\/mundo-creole.com\/en\/wp-json\/wp\/v2\/product_cat?post=31285"},{"taxonomy":"product_tag","embeddable":true,"href":"https:\/\/mundo-creole.com\/en\/wp-json\/wp\/v2\/product_tag?post=31285"}],"curies":[{"name":"wp","href":"https:\/\/api.w.org\/{rel}","templated":true}]}}