{"id":31298,"date":"2019-11-30T12:34:11","date_gmt":"2019-11-30T11:34:11","guid":{"rendered":"https:\/\/mundo-creole.com\/shop\/uncategorized\/zipfel-cardigan-wickeljacke-bolero-2"},"modified":"2019-11-30T12:34:11","modified_gmt":"2019-11-30T11:34:11","slug":"zipfel-cardigan-wickeljacke-bolero-2","status":"publish","type":"product","link":"https:\/\/mundo-creole.com\/en\/shop\/urban-gypsy-queen-en\/zipfel-cardigan-wickeljacke-bolero-2","title":{"rendered":"Zipfel Cardigan\/Wickeljacke\/Bolero"},"content":{"rendered":"<p>Zifel Caridigan Wickelj\u00e4ckchen &lt;3 DesertDweller Herbst\/Winter Kollektion B.L.I.S.S<\/p>\n<p>mit viel Liebe zum Detail entworfen.<\/p>\n<p>zuhaben in Grau und Grau\/Gr\u00fcn<\/p>\n<p>Organic Cotton<\/p>\n<p>Einheitsgr\u00f6\u00dfe ( tragbar von s-L)<\/p>\n<p>Bei Fragen schreibt mir gerne eine Nachrricht.<br \/>\nLove<\/p>\n","protected":false},"excerpt":{"rendered":"<p>Zifel Caridigan Wickelj\u00e4ckchen &lt;3 DesertDweller Herbst\/Winter Kollektion B.L.I.S.S mit viel Liebe zum Detail entworfen. zuhaben in Grau und Grau\/Gr\u00fcn Organic Cotton Einheitsgr\u00f6\u00dfe ( tragbar von s-L) Bei Fragen schreibt mir gerne eine Nachrricht. Love<\/p>\n","protected":false},"featured_media":2307,"comment_status":"open","ping_status":"closed","template":"","meta":[],"product_cat":[139],"product_tag":[],"_links":{"self":[{"href":"https:\/\/mundo-creole.com\/en\/wp-json\/wp\/v2\/product\/31298"}],"collection":[{"href":"https:\/\/mundo-creole.com\/en\/wp-json\/wp\/v2\/product"}],"about":[{"href":"https:\/\/mundo-creole.com\/en\/wp-json\/wp\/v2\/types\/product"}],"replies":[{"embeddable":true,"href":"https:\/\/mundo-creole.com\/en\/wp-json\/wp\/v2\/comments?post=31298"}],"wp:featuredmedia":[{"embeddable":true,"href":"https:\/\/mundo-creole.com\/en\/wp-json\/wp\/v2\/media\/2307"}],"wp:attachment":[{"href":"https:\/\/mundo-creole.com\/en\/wp-json\/wp\/v2\/media?parent=31298"}],"wp:term":[{"taxonomy":"product_cat","embeddable":true,"href":"https:\/\/mundo-creole.com\/en\/wp-json\/wp\/v2\/product_cat?post=31298"},{"taxonomy":"product_tag","embeddable":true,"href":"https:\/\/mundo-creole.com\/en\/wp-json\/wp\/v2\/product_tag?post=31298"}],"curies":[{"name":"wp","href":"https:\/\/api.w.org\/{rel}","templated":true}]}}