{"id":31399,"date":"2019-05-24T15:55:22","date_gmt":"2019-05-24T13:55:22","guid":{"rendered":"https:\/\/mundo-creole.com\/shop\/uncategorized\/kleine-spirale-ear-climber-silber-plain"},"modified":"2023-06-21T18:55:59","modified_gmt":"2023-06-21T16:55:59","slug":"kleine-spirale-ear-climber-silber-plain","status":"publish","type":"product","link":"https:\/\/mundo-creole.com\/en\/shop\/jewelry\/earrings\/kleine-spirale-ear-climber-silber-plain","title":{"rendered":"Kleine Spirale \/Ear climber \/ silber \/plain"},"content":{"rendered":"<p>wundersch\u00f6ne ohr spirale aus silber<\/p>\n<p>bitte bei der Bestellung die gew\u00fcnschte seite rechtes Ohr oder links angeben-falls du die Spirale f\u00fcr beide seiten haben m\u00f6chtest einfach 2 st\u00fcck bestellen!<\/p>\n<p>Die l\u00e4nger ist 20 mm und die breite 8 mm<\/p>\n<p>Bei Fragen zu dem Produkt schreibt mir einfach eine Nachrricht.<\/p>\n<p>LOVE &lt;3<\/p>\n","protected":false},"excerpt":{"rendered":"<p>wundersch\u00f6ne ohr spirale aus silber bitte bei der Bestellung die gew\u00fcnschte seite rechtes Ohr oder links angeben-falls du die Spirale f\u00fcr beide seiten haben m\u00f6chtest einfach 2 st\u00fcck bestellen! Die l\u00e4nger ist 20 mm und die breite 8 mm Bei Fragen zu dem Produkt schreibt mir einfach eine Nachrricht. LOVE &lt;3<\/p>\n","protected":false},"featured_media":57377,"comment_status":"open","ping_status":"closed","template":"","meta":[],"product_cat":[144,147,135],"product_tag":[],"_links":{"self":[{"href":"https:\/\/mundo-creole.com\/en\/wp-json\/wp\/v2\/product\/31399"}],"collection":[{"href":"https:\/\/mundo-creole.com\/en\/wp-json\/wp\/v2\/product"}],"about":[{"href":"https:\/\/mundo-creole.com\/en\/wp-json\/wp\/v2\/types\/product"}],"replies":[{"embeddable":true,"href":"https:\/\/mundo-creole.com\/en\/wp-json\/wp\/v2\/comments?post=31399"}],"wp:featuredmedia":[{"embeddable":true,"href":"https:\/\/mundo-creole.com\/en\/wp-json\/wp\/v2\/media\/57377"}],"wp:attachment":[{"href":"https:\/\/mundo-creole.com\/en\/wp-json\/wp\/v2\/media?parent=31399"}],"wp:term":[{"taxonomy":"product_cat","embeddable":true,"href":"https:\/\/mundo-creole.com\/en\/wp-json\/wp\/v2\/product_cat?post=31399"},{"taxonomy":"product_tag","embeddable":true,"href":"https:\/\/mundo-creole.com\/en\/wp-json\/wp\/v2\/product_tag?post=31399"}],"curies":[{"name":"wp","href":"https:\/\/api.w.org\/{rel}","templated":true}]}}