{"id":31406,"date":"2019-05-24T15:55:20","date_gmt":"2019-05-24T13:55:20","guid":{"rendered":"https:\/\/mundo-creole.com\/shop\/uncategorized\/high-to-low-skirt-braun-und-gruen-2"},"modified":"2019-05-24T15:55:20","modified_gmt":"2019-05-24T13:55:20","slug":"high-to-low-skirt-braun-und-gruen-2","status":"publish","type":"product","link":"https:\/\/mundo-creole.com\/en\/shop\/womens-clothing-en\/skirts\/short-skirts\/high-to-low-skirt-braun-und-gruen-2","title":{"rendered":"High to low Net Skirt \/Braun und Gr\u00fcn"},"content":{"rendered":"<p>wundersch\u00f6ner Rock high to low- vorne kurz hinten lang &lt;3<br \/>\nAn der seite zum schn\u00fcren f\u00fcr die perfekte Passform.-l\u00e4sst sich auch super \u00fcber einer Leggings tragen &lt;3<\/p>\n<p>&nbsp;<\/p>\n<p>bei fragen schreibt mir eine nachrricht, ich freu mich von euch zulesen.<\/p>\n","protected":false},"excerpt":{"rendered":"<p>wundersch\u00f6ner Rock high to low- vorne kurz hinten lang &lt;3 An der seite zum schn\u00fcren f\u00fcr die perfekte Passform.-l\u00e4sst sich auch super \u00fcber einer Leggings tragen &lt;3 &nbsp; bei fragen schreibt mir eine nachrricht, ich freu mich von euch zulesen.<\/p>\n","protected":false},"featured_media":2999,"comment_status":"open","ping_status":"closed","template":"","meta":[],"product_cat":[139,87,88,89],"product_tag":[],"_links":{"self":[{"href":"https:\/\/mundo-creole.com\/en\/wp-json\/wp\/v2\/product\/31406"}],"collection":[{"href":"https:\/\/mundo-creole.com\/en\/wp-json\/wp\/v2\/product"}],"about":[{"href":"https:\/\/mundo-creole.com\/en\/wp-json\/wp\/v2\/types\/product"}],"replies":[{"embeddable":true,"href":"https:\/\/mundo-creole.com\/en\/wp-json\/wp\/v2\/comments?post=31406"}],"wp:featuredmedia":[{"embeddable":true,"href":"https:\/\/mundo-creole.com\/en\/wp-json\/wp\/v2\/media\/2999"}],"wp:attachment":[{"href":"https:\/\/mundo-creole.com\/en\/wp-json\/wp\/v2\/media?parent=31406"}],"wp:term":[{"taxonomy":"product_cat","embeddable":true,"href":"https:\/\/mundo-creole.com\/en\/wp-json\/wp\/v2\/product_cat?post=31406"},{"taxonomy":"product_tag","embeddable":true,"href":"https:\/\/mundo-creole.com\/en\/wp-json\/wp\/v2\/product_tag?post=31406"}],"curies":[{"name":"wp","href":"https:\/\/api.w.org\/{rel}","templated":true}]}}