{"id":31417,"date":"2019-05-24T15:55:05","date_gmt":"2019-05-24T13:55:05","guid":{"rendered":"https:\/\/mundo-creole.com\/shop\/uncategorized\/cardigan-oversize-jacke-ikatcardigan-oversize-jacke-aztek-2"},"modified":"2026-03-29T21:32:20","modified_gmt":"2026-03-29T19:32:20","slug":"cardigan-oversize-jacke-ikatcardigan-oversize-jacke-aztek-2","status":"publish","type":"product","link":"https:\/\/mundo-creole.com\/en\/shop\/womens-clothing-en\/jackets\/between-the-season-en\/cardigan-oversize-jacke-ikatcardigan-oversize-jacke-aztek-2","title":{"rendered":"Short Wanderlust Wrap Jacket\/Oversize\/*LikeYouMeanIt*"},"content":{"rendered":"<p>Kuscheliger Cardigan\/Wickeljacke \u2764<br \/>\nin wundersch\u00f6nem Aztek \/Inka Print \u2764<\/p>\n<p>-l\u00e4sst sich durch zwei Kn\u00f6pfe verschliessen (wird rechts und links gekn\u00f6pf) -kann aber auch offen getragen werden \ud83d\ude42<\/p>\n<p>-Die \u00c4rmel sind leicht ausgestellt\/Trompeten\u00e4rmeln<\/p>\n<p>-Seitentaschen<\/p>\n<p>-wunderbar zum kombinieren<\/p>\n<p>kuschelig weich und h\u00e4lt warm \u2764<\/p>\n<p>Das beste an dieser Jacke ist : Man kann sie das ganze Jahr lang \u00fcber tragen,Im Winter, als \u00dcbergangsjacke- perfekt auch f\u00fcr einen k\u00fchlen Festival Sommerabend,der weiche Stoff f\u00fchlt sich sehr sch\u00f6n an auf der Haut.<\/p>\n<p>LoveLoveLove It!!<\/p>\n","protected":false},"excerpt":{"rendered":"<p>Kuscheliger Cardigan\/Wickeljacke \u2764 in wundersch\u00f6nem Aztek \/Inka Print \u2764 -l\u00e4sst sich durch zwei Kn\u00f6pfe verschliessen (wird rechts und links gekn\u00f6pf) -kann aber auch offen getragen werden \ud83d\ude42 -Die \u00c4rmel sind leicht ausgestellt\/Trompeten\u00e4rmeln -Seitentaschen -wunderbar zum kombinieren kuschelig weich und h\u00e4lt warm \u2764 Das beste an dieser Jacke ist : Man kann sie das ganze Jahr [&hellip;]<\/p>\n","protected":false},"featured_media":2431,"comment_status":"open","ping_status":"closed","template":"","meta":[],"product_cat":[295,66,67,68,71],"product_tag":[],"_links":{"self":[{"href":"https:\/\/mundo-creole.com\/en\/wp-json\/wp\/v2\/product\/31417"}],"collection":[{"href":"https:\/\/mundo-creole.com\/en\/wp-json\/wp\/v2\/product"}],"about":[{"href":"https:\/\/mundo-creole.com\/en\/wp-json\/wp\/v2\/types\/product"}],"replies":[{"embeddable":true,"href":"https:\/\/mundo-creole.com\/en\/wp-json\/wp\/v2\/comments?post=31417"}],"wp:featuredmedia":[{"embeddable":true,"href":"https:\/\/mundo-creole.com\/en\/wp-json\/wp\/v2\/media\/2431"}],"wp:attachment":[{"href":"https:\/\/mundo-creole.com\/en\/wp-json\/wp\/v2\/media?parent=31417"}],"wp:term":[{"taxonomy":"product_cat","embeddable":true,"href":"https:\/\/mundo-creole.com\/en\/wp-json\/wp\/v2\/product_cat?post=31417"},{"taxonomy":"product_tag","embeddable":true,"href":"https:\/\/mundo-creole.com\/en\/wp-json\/wp\/v2\/product_tag?post=31417"}],"curies":[{"name":"wp","href":"https:\/\/api.w.org\/{rel}","templated":true}]}}