{"id":31437,"date":"2019-05-24T15:47:19","date_gmt":"2019-05-24T13:47:19","guid":{"rendered":"https:\/\/mundo-creole.com\/shop\/uncategorized\/kaftan-kimono-mit-hood-dress-paisley-seide"},"modified":"2019-05-24T15:47:19","modified_gmt":"2019-05-24T13:47:19","slug":"kaftan-kimono-mit-hood-dress-paisley-seide","status":"publish","type":"product","link":"https:\/\/mundo-creole.com\/en\/shop\/womens-clothing-en\/kimonos-en\/tunics-kimonos\/kaftan-kimono-mit-hood-dress-paisley-seide","title":{"rendered":"Kaftan\/Kimono mit Hood"},"content":{"rendered":"<p>HOODED KAFTAN<br \/>\nWundersch\u00f6ner langer Kimono\/Kaftan mit Hood- der perfekte Begleiter &lt;3<br \/>\nKann offen getragen werden oder l\u00e4sst sich durch eine Kokosnuss Knopf mittig verschliessen<\/p>\n<p>Im Paisley Muster\/Braun-Beige T\u00f6nen aus Seide<\/p>\n<p>Einheitsgr\u00f6\u00dfe (tragbar bis xl)<\/p>\n<p>&#8212;&#8212;&#8212;&#8212;&#8212;&#8212;&#8212;&#8211;<\/p>\n<p>Bei Fragen zu dem Produkt schreibt mir gerne eine Nachrricht &lt;3<\/p>\n","protected":false},"excerpt":{"rendered":"<p>HOODED KAFTAN Wundersch\u00f6ner langer Kimono\/Kaftan mit Hood- der perfekte Begleiter &lt;3 Kann offen getragen werden oder l\u00e4sst sich durch eine Kokosnuss Knopf mittig verschliessen Im Paisley Muster\/Braun-Beige T\u00f6nen aus Seide Einheitsgr\u00f6\u00dfe (tragbar bis xl) &#8212;&#8212;&#8212;&#8212;&#8212;&#8212;&#8212;&#8211; Bei Fragen zu dem Produkt schreibt mir gerne eine Nachrricht &lt;3<\/p>\n","protected":false},"featured_media":3958,"comment_status":"open","ping_status":"closed","template":"","meta":[],"product_cat":[1146,1223],"product_tag":[],"_links":{"self":[{"href":"https:\/\/mundo-creole.com\/en\/wp-json\/wp\/v2\/product\/31437"}],"collection":[{"href":"https:\/\/mundo-creole.com\/en\/wp-json\/wp\/v2\/product"}],"about":[{"href":"https:\/\/mundo-creole.com\/en\/wp-json\/wp\/v2\/types\/product"}],"replies":[{"embeddable":true,"href":"https:\/\/mundo-creole.com\/en\/wp-json\/wp\/v2\/comments?post=31437"}],"wp:featuredmedia":[{"embeddable":true,"href":"https:\/\/mundo-creole.com\/en\/wp-json\/wp\/v2\/media\/3958"}],"wp:attachment":[{"href":"https:\/\/mundo-creole.com\/en\/wp-json\/wp\/v2\/media?parent=31437"}],"wp:term":[{"taxonomy":"product_cat","embeddable":true,"href":"https:\/\/mundo-creole.com\/en\/wp-json\/wp\/v2\/product_cat?post=31437"},{"taxonomy":"product_tag","embeddable":true,"href":"https:\/\/mundo-creole.com\/en\/wp-json\/wp\/v2\/product_tag?post=31437"}],"curies":[{"name":"wp","href":"https:\/\/api.w.org\/{rel}","templated":true}]}}