{"id":31476,"date":"2020-03-20T22:06:41","date_gmt":"2020-03-20T21:06:41","guid":{"rendered":"https:\/\/mundo-creole.com\/shop\/uncategorized\/embroidered-jumpsuit"},"modified":"2020-03-20T22:06:41","modified_gmt":"2020-03-20T21:06:41","slug":"embroidered-jumpsuit","status":"publish","type":"product","link":"https:\/\/mundo-creole.com\/en\/shop\/womens-clothing-en\/jumpsuits-en\/long-jumpsuits\/embroidered-jumpsuit","title":{"rendered":"Embroidered Jumpsuit"},"content":{"rendered":"<p>Wundersch\u00f6ner Embroiderer Jumpsuit aus Seide mit weit ausgestelltem Beim- in wundersch\u00f6nem Paisley Print,ein ganz besonders St\u00fcck das dich strahlen l\u00e4sst. &lt;3<\/p>\n<p>-bestickt mit Pailetten am Ausschnitt<br \/>\n-weit ausgestelltes Bein<br \/>\n-V Ausschnitt<\/p>\n<p>Die L\u00e4nge l\u00e4sst sich an den tr\u00e4ger regulieren und perfekt anpassen.<\/p>\n<p>Zuhaben in den Zwischengr\u00f6\u00dfen s\/m und m\/l<\/p>\n","protected":false},"excerpt":{"rendered":"<p>Wundersch\u00f6ner Embroiderer Jumpsuit aus Seide mit weit ausgestelltem Beim- in wundersch\u00f6nem Paisley Print,ein ganz besonders St\u00fcck das dich strahlen l\u00e4sst. &lt;3 -bestickt mit Pailetten am Ausschnitt -weit ausgestelltes Bein -V Ausschnitt Die L\u00e4nge l\u00e4sst sich an den tr\u00e4ger regulieren und perfekt anpassen. Zuhaben in den Zwischengr\u00f6\u00dfen s\/m und m\/l<\/p>\n","protected":false},"featured_media":58349,"comment_status":"open","ping_status":"closed","template":"","meta":[],"product_cat":[1652,137,72,74],"product_tag":[],"_links":{"self":[{"href":"https:\/\/mundo-creole.com\/en\/wp-json\/wp\/v2\/product\/31476"}],"collection":[{"href":"https:\/\/mundo-creole.com\/en\/wp-json\/wp\/v2\/product"}],"about":[{"href":"https:\/\/mundo-creole.com\/en\/wp-json\/wp\/v2\/types\/product"}],"replies":[{"embeddable":true,"href":"https:\/\/mundo-creole.com\/en\/wp-json\/wp\/v2\/comments?post=31476"}],"wp:featuredmedia":[{"embeddable":true,"href":"https:\/\/mundo-creole.com\/en\/wp-json\/wp\/v2\/media\/58349"}],"wp:attachment":[{"href":"https:\/\/mundo-creole.com\/en\/wp-json\/wp\/v2\/media?parent=31476"}],"wp:term":[{"taxonomy":"product_cat","embeddable":true,"href":"https:\/\/mundo-creole.com\/en\/wp-json\/wp\/v2\/product_cat?post=31476"},{"taxonomy":"product_tag","embeddable":true,"href":"https:\/\/mundo-creole.com\/en\/wp-json\/wp\/v2\/product_tag?post=31476"}],"curies":[{"name":"wp","href":"https:\/\/api.w.org\/{rel}","templated":true}]}}