{"id":31517,"date":"2020-03-16T17:24:19","date_gmt":"2020-03-16T16:24:19","guid":{"rendered":"https:\/\/mundo-creole.com\/shop\/uncategorized\/fleur-du-jour-back-backless-maxi-dress"},"modified":"2020-03-16T17:24:19","modified_gmt":"2020-03-16T16:24:19","slug":"fleur-du-jour-back-backless-maxi-dress","status":"publish","type":"product","link":"https:\/\/mundo-creole.com\/en\/shop\/womens-clothing-en\/dresses-en\/maxi-dresses-en\/fleur-du-jour-back-backless-maxi-dress","title":{"rendered":"Fleur du Jour Back  backless Maxi Dress"},"content":{"rendered":"<p>Wundersch\u00f6nes r\u00fcckenfreies langes Lycra Kleid in sch\u00f6nem Blue Tribal Muster<br \/>\nDas Kleid kann auch mit einem Top getragen werden zB. mit einem Bandeau-Top oder einem einfachen Basic Top. ( auch hier im shop erh\u00e4ltlich&#8211;\u2192 TOPS )<br \/>\nEmbody your wild nature<span class=\"_3gl1 _5zz4\" data-offset-key=\"d02m-0-0\"><span class=\"_ncl\"><span data-offset-key=\"d02m-0-0\">\u2728<\/span><\/span><\/span><span class=\"_3gl1 _5zz4\" data-offset-key=\"d02m-1-0\"><span class=\"_ncl\"><span data-offset-key=\"d02m-1-0\">\ud83c\udf08<\/span><\/span><\/span><span class=\"_3gl1 _5zz4\" data-offset-key=\"d02m-2-0\"><span class=\"_ncl\"><span data-offset-key=\"d02m-2-0\">\ud83d\udc9b<\/span><\/span><\/span><\/p>\n<p>Extra lang<br \/>\nR\u00fcckenfrei<\/p>\n","protected":false},"excerpt":{"rendered":"<p>Wundersch\u00f6nes r\u00fcckenfreies langes Lycra Kleid in sch\u00f6nem Blue Tribal Muster Das Kleid kann auch mit einem Top getragen werden zB. mit einem Bandeau-Top oder einem einfachen Basic Top. ( auch hier im shop erh\u00e4ltlich&#8211;\u2192 TOPS ) Embody your wild nature\u2728\ud83c\udf08\ud83d\udc9b Extra lang R\u00fcckenfrei<\/p>\n","protected":false},"featured_media":17350,"comment_status":"open","ping_status":"closed","template":"","meta":[],"product_cat":[1657,1659,137],"product_tag":[],"_links":{"self":[{"href":"https:\/\/mundo-creole.com\/en\/wp-json\/wp\/v2\/product\/31517"}],"collection":[{"href":"https:\/\/mundo-creole.com\/en\/wp-json\/wp\/v2\/product"}],"about":[{"href":"https:\/\/mundo-creole.com\/en\/wp-json\/wp\/v2\/types\/product"}],"replies":[{"embeddable":true,"href":"https:\/\/mundo-creole.com\/en\/wp-json\/wp\/v2\/comments?post=31517"}],"wp:featuredmedia":[{"embeddable":true,"href":"https:\/\/mundo-creole.com\/en\/wp-json\/wp\/v2\/media\/17350"}],"wp:attachment":[{"href":"https:\/\/mundo-creole.com\/en\/wp-json\/wp\/v2\/media?parent=31517"}],"wp:term":[{"taxonomy":"product_cat","embeddable":true,"href":"https:\/\/mundo-creole.com\/en\/wp-json\/wp\/v2\/product_cat?post=31517"},{"taxonomy":"product_tag","embeddable":true,"href":"https:\/\/mundo-creole.com\/en\/wp-json\/wp\/v2\/product_tag?post=31517"}],"curies":[{"name":"wp","href":"https:\/\/api.w.org\/{rel}","templated":true}]}}