{"id":31528,"date":"2020-03-16T16:18:35","date_gmt":"2020-03-16T15:18:35","guid":{"rendered":"https:\/\/mundo-creole.com\/shop\/uncategorized\/lady-in-red-full-button-silk-dress"},"modified":"2020-03-16T16:18:35","modified_gmt":"2020-03-16T15:18:35","slug":"lady-in-red-full-button-silk-dress","status":"publish","type":"product","link":"https:\/\/mundo-creole.com\/en\/shop\/womens-clothing-en\/dresses-en\/maxi-dresses-en\/lady-in-red-full-button-silk-dress","title":{"rendered":"Lady in Red\/Full Button Silk Dress"},"content":{"rendered":"<p>Wundersch\u00f6nes Maxi Kleid \u2764 \u2764\u2764\u2764<\/p>\n<p>durchgehend Kokosnusskn\u00f6pfe von oben nach unten ;))<\/p>\n<p>-l\u00e4sst sich durch zwei b\u00e4nder am R\u00fccken perfekt an die K\u00f6rperform anpassen.<br \/>\n-leicht offenes Bein<br \/>\n-V- ausschnitt<\/p>\n<p>Info- Kleid kann auch offen als langer Cardigan getragen werden #wow\u2764<\/p>\n","protected":false},"excerpt":{"rendered":"<p>Wundersch\u00f6nes Maxi Kleid \u2764 \u2764\u2764\u2764 durchgehend Kokosnusskn\u00f6pfe von oben nach unten ;)) -l\u00e4sst sich durch zwei b\u00e4nder am R\u00fccken perfekt an die K\u00f6rperform anpassen. -leicht offenes Bein -V- ausschnitt Info- Kleid kann auch offen als langer Cardigan getragen werden #wow\u2764<\/p>\n","protected":false},"featured_media":17367,"comment_status":"open","ping_status":"closed","template":"","meta":[],"product_cat":[1657,1659,137],"product_tag":[],"_links":{"self":[{"href":"https:\/\/mundo-creole.com\/en\/wp-json\/wp\/v2\/product\/31528"}],"collection":[{"href":"https:\/\/mundo-creole.com\/en\/wp-json\/wp\/v2\/product"}],"about":[{"href":"https:\/\/mundo-creole.com\/en\/wp-json\/wp\/v2\/types\/product"}],"replies":[{"embeddable":true,"href":"https:\/\/mundo-creole.com\/en\/wp-json\/wp\/v2\/comments?post=31528"}],"wp:featuredmedia":[{"embeddable":true,"href":"https:\/\/mundo-creole.com\/en\/wp-json\/wp\/v2\/media\/17367"}],"wp:attachment":[{"href":"https:\/\/mundo-creole.com\/en\/wp-json\/wp\/v2\/media?parent=31528"}],"wp:term":[{"taxonomy":"product_cat","embeddable":true,"href":"https:\/\/mundo-creole.com\/en\/wp-json\/wp\/v2\/product_cat?post=31528"},{"taxonomy":"product_tag","embeddable":true,"href":"https:\/\/mundo-creole.com\/en\/wp-json\/wp\/v2\/product_tag?post=31528"}],"curies":[{"name":"wp","href":"https:\/\/api.w.org\/{rel}","templated":true}]}}