{"id":31567,"date":"2020-03-06T01:32:10","date_gmt":"2020-03-06T00:32:10","guid":{"rendered":"https:\/\/mundo-creole.com\/shop\/uncategorized\/set-25-sweet-surrender-hose-wrap-top-2-pc-set"},"modified":"2020-03-06T01:32:10","modified_gmt":"2020-03-06T00:32:10","slug":"set-25-sweet-surrender-hose-wrap-top-2-pc-set","status":"publish","type":"product","link":"https:\/\/mundo-creole.com\/en\/shop\/womens-clothing-en\/dresses-en\/maxi-dresses-en\/set-25-sweet-surrender-hose-wrap-top-2-pc-set","title":{"rendered":"SET 25 `Sweet Surrender` Hose + Wrap Top 2 Pc. SET"},"content":{"rendered":"<p>&nbsp;<\/p>\n<p><strong>SET 25 `Sweet Surrender` Hose + Wrap Top 2 Pc. SET<\/strong><\/p>\n<p>in verschiedenen Farben zuhaben-weitere Bilder findet ihr im shop unter&#8212;&gt; SETS<\/p>\n<p><strong>TOP<\/strong><br \/>\nDas WickelTop ist in mehreren Varianten zu tragen\/wickeln.<br \/>\n-SEHR EINFACHE WICKELTECHNIK<br \/>\n-l\u00e4nge verstellbare tr\u00e4ger<br \/>\nzuhaben in den Gr\u00f6\u00dfen S\/m und M\/L<\/p>\n<p><strong>Hose<\/strong><\/p>\n<p>-weit ausgestelltes Bein<br \/>\n-Seitentaschen<br \/>\n-Rei\u00dfverschluss hinten<br \/>\n-High Waist<\/p>\n<p>&nbsp;<\/p>\n<p>&nbsp;<\/p>\n<p>&nbsp;<\/p>\n","protected":false},"excerpt":{"rendered":"<p>&nbsp; SET 25 `Sweet Surrender` Hose + Wrap Top 2 Pc. SET in verschiedenen Farben zuhaben-weitere Bilder findet ihr im shop unter&#8212;&gt; SETS TOP Das WickelTop ist in mehreren Varianten zu tragen\/wickeln. -SEHR EINFACHE WICKELTECHNIK -l\u00e4nge verstellbare tr\u00e4ger zuhaben in den Gr\u00f6\u00dfen S\/m und M\/L Hose -weit ausgestelltes Bein -Seitentaschen -Rei\u00dfverschluss hinten -High Waist &nbsp; [&hellip;]<\/p>\n","protected":false},"featured_media":15405,"comment_status":"closed","ping_status":"closed","template":"","meta":[],"product_cat":[1652,1657,1659,1661,137,1148],"product_tag":[],"_links":{"self":[{"href":"https:\/\/mundo-creole.com\/en\/wp-json\/wp\/v2\/product\/31567"}],"collection":[{"href":"https:\/\/mundo-creole.com\/en\/wp-json\/wp\/v2\/product"}],"about":[{"href":"https:\/\/mundo-creole.com\/en\/wp-json\/wp\/v2\/types\/product"}],"replies":[{"embeddable":true,"href":"https:\/\/mundo-creole.com\/en\/wp-json\/wp\/v2\/comments?post=31567"}],"wp:featuredmedia":[{"embeddable":true,"href":"https:\/\/mundo-creole.com\/en\/wp-json\/wp\/v2\/media\/15405"}],"wp:attachment":[{"href":"https:\/\/mundo-creole.com\/en\/wp-json\/wp\/v2\/media?parent=31567"}],"wp:term":[{"taxonomy":"product_cat","embeddable":true,"href":"https:\/\/mundo-creole.com\/en\/wp-json\/wp\/v2\/product_cat?post=31567"},{"taxonomy":"product_tag","embeddable":true,"href":"https:\/\/mundo-creole.com\/en\/wp-json\/wp\/v2\/product_tag?post=31567"}],"curies":[{"name":"wp","href":"https:\/\/api.w.org\/{rel}","templated":true}]}}