{"id":31638,"date":"2020-03-03T12:03:22","date_gmt":"2020-03-03T11:03:22","guid":{"rendered":"https:\/\/mundo-creole.com\/shop\/uncategorized\/oversize-cardigan-paisley-black-gold"},"modified":"2021-03-29T13:48:28","modified_gmt":"2021-03-29T11:48:28","slug":"oversize-cardigan-paisley-black-gold","status":"publish","type":"product","link":"https:\/\/mundo-creole.com\/en\/shop\/womens-clothing-en\/jackets\/between-the-season-en\/oversize-cardigan-paisley-black-gold","title":{"rendered":"Oversize Cardigan Paisley Black\/Gold"},"content":{"rendered":"<p>Wundersch\u00f6ner Oversize Pullover\/Cardigan im Paisley Muster mit Trompeten\u00e4rmel im High to Low Design-einer meiner Favorites!:-)<br \/>\nL\u00e4sst sich super toll kombinieren und h\u00e4lt dazu noch sch\u00f6n warm.<\/p>\n<p>&#8211;&gt;Durch einen gro\u00dfen Kokosnuss Knopf mittig l\u00e4sst er sich schliessen,man kann dieses tolle Teil aber auch offen tragen als Oversize Cardigan\/Jacke.<\/p>\n<p>Der Schnitt ist vorne kurz und der hintere Teil ist l\u00e4nger geschnitten.<br \/>\nDie \u00c4rmel sind extra lang\/Breit geschnitten.<\/p>\n<p>-Einheitsgr\u00f6\u00dfe<\/p>\n<p>-Trompeten\u00e4rmel<\/p>\n<p>Bei Fragen schreibt mir jederzeit eine Nachrricht.<\/p>\n<p>&#8212;&gt;L\u00e4sst sich wunderbar per 30 grad waschen.<\/p>\n","protected":false},"excerpt":{"rendered":"<p>Wundersch\u00f6ner Oversize Pullover\/Cardigan im Paisley Muster mit Trompeten\u00e4rmel im High to Low Design-einer meiner Favorites!:-) L\u00e4sst sich super toll kombinieren und h\u00e4lt dazu noch sch\u00f6n warm. &#8211;&gt;Durch einen gro\u00dfen Kokosnuss Knopf mittig l\u00e4sst er sich schliessen,man kann dieses tolle Teil aber auch offen tragen als Oversize Cardigan\/Jacke. Der Schnitt ist vorne kurz und der hintere [&hellip;]<\/p>\n","protected":false},"featured_media":14488,"comment_status":"open","ping_status":"closed","template":"","meta":[],"product_cat":[139,295,66,67,68,71],"product_tag":[],"_links":{"self":[{"href":"https:\/\/mundo-creole.com\/en\/wp-json\/wp\/v2\/product\/31638"}],"collection":[{"href":"https:\/\/mundo-creole.com\/en\/wp-json\/wp\/v2\/product"}],"about":[{"href":"https:\/\/mundo-creole.com\/en\/wp-json\/wp\/v2\/types\/product"}],"replies":[{"embeddable":true,"href":"https:\/\/mundo-creole.com\/en\/wp-json\/wp\/v2\/comments?post=31638"}],"wp:featuredmedia":[{"embeddable":true,"href":"https:\/\/mundo-creole.com\/en\/wp-json\/wp\/v2\/media\/14488"}],"wp:attachment":[{"href":"https:\/\/mundo-creole.com\/en\/wp-json\/wp\/v2\/media?parent=31638"}],"wp:term":[{"taxonomy":"product_cat","embeddable":true,"href":"https:\/\/mundo-creole.com\/en\/wp-json\/wp\/v2\/product_cat?post=31638"},{"taxonomy":"product_tag","embeddable":true,"href":"https:\/\/mundo-creole.com\/en\/wp-json\/wp\/v2\/product_tag?post=31638"}],"curies":[{"name":"wp","href":"https:\/\/api.w.org\/{rel}","templated":true}]}}