{"id":31679,"date":"2019-05-24T15:56:20","date_gmt":"2019-05-24T13:56:20","guid":{"rendered":"https:\/\/mundo-creole.com\/shop\/uncategorized\/langer-hoodie-hoodie-dress-oversized-flower-of-life-print-braun-in-der-kaputze-und-seitentaschen-daumenloecher-2"},"modified":"2019-05-24T15:56:20","modified_gmt":"2019-05-24T13:56:20","slug":"langer-hoodie-hoodie-dress-oversized-flower-of-life-print-braun-in-der-kaputze-und-seitentaschen-daumenloecher-2","status":"publish","type":"product","link":"https:\/\/mundo-creole.com\/en\/shop\/sale-en\/langer-hoodie-hoodie-dress-oversized-flower-of-life-print-braun-in-der-kaputze-und-seitentaschen-daumenloecher-2","title":{"rendered":"Hoodie Dress Flower of Life Braun"},"content":{"rendered":"<p>Wundersch\u00f6ner warmer gem\u00fctlicher Langer Oversized Hoodie\/Hoodie Dress mit Braunem Flower of Life Print in der extra gro\u00dfen Kaputze und an den Seitentaschen<\/p>\n<p>-Daumenl\u00f6cher<br \/>\n-extra lange \u00c4rmel<\/p>\n<p>***Flower of Life-Blume des Lebens***<\/p>\n","protected":false},"excerpt":{"rendered":"<p>Wundersch\u00f6ner warmer gem\u00fctlicher Langer Oversized Hoodie\/Hoodie Dress mit Braunem Flower of Life Print in der extra gro\u00dfen Kaputze und an den Seitentaschen -Daumenl\u00f6cher -extra lange \u00c4rmel ***Flower of Life-Blume des Lebens***<\/p>\n","protected":false},"featured_media":1340,"comment_status":"open","ping_status":"closed","template":"","meta":[],"product_cat":[295],"product_tag":[],"_links":{"self":[{"href":"https:\/\/mundo-creole.com\/en\/wp-json\/wp\/v2\/product\/31679"}],"collection":[{"href":"https:\/\/mundo-creole.com\/en\/wp-json\/wp\/v2\/product"}],"about":[{"href":"https:\/\/mundo-creole.com\/en\/wp-json\/wp\/v2\/types\/product"}],"replies":[{"embeddable":true,"href":"https:\/\/mundo-creole.com\/en\/wp-json\/wp\/v2\/comments?post=31679"}],"wp:featuredmedia":[{"embeddable":true,"href":"https:\/\/mundo-creole.com\/en\/wp-json\/wp\/v2\/media\/1340"}],"wp:attachment":[{"href":"https:\/\/mundo-creole.com\/en\/wp-json\/wp\/v2\/media?parent=31679"}],"wp:term":[{"taxonomy":"product_cat","embeddable":true,"href":"https:\/\/mundo-creole.com\/en\/wp-json\/wp\/v2\/product_cat?post=31679"},{"taxonomy":"product_tag","embeddable":true,"href":"https:\/\/mundo-creole.com\/en\/wp-json\/wp\/v2\/product_tag?post=31679"}],"curies":[{"name":"wp","href":"https:\/\/api.w.org\/{rel}","templated":true}]}}