{"id":38395,"date":"2021-03-01T16:34:36","date_gmt":"2021-03-01T15:34:36","guid":{"rendered":"https:\/\/mundo-creole.com\/?post_type=product&#038;p=38395"},"modified":"2021-03-02T11:31:02","modified_gmt":"2021-03-02T10:31:02","slug":"embroidered-silk-maxi-dress-shine-3","status":"publish","type":"product","link":"https:\/\/mundo-creole.com\/en\/shop\/womens-clothing-en\/dresses-en\/maxi-dresses-en\/embroidered-silk-maxi-dress-shine-3","title":{"rendered":"Embroidered Silk Maxi Dress #Shine"},"content":{"rendered":"<p>Wundersch\u00f6nes Embroidered Maxi Kleid aus Seide- in wundersch\u00f6nem Paisley Print,ein ganz besonders St\u00fcck das dich strahlen l\u00e4sst. &lt;3<\/p>\n<p>-bestickt mit Pailetten am Ausschnitt<\/p>\n<p>-V Ausschnitt<\/p>\n<p>&nbsp;<\/p>\n","protected":false},"excerpt":{"rendered":"<p>Wundersch\u00f6nes Embroidered Maxi Kleid aus Seide- in wundersch\u00f6nem Paisley Print,ein ganz besonders St\u00fcck das dich strahlen l\u00e4sst. &lt;3 -bestickt mit Pailetten am Ausschnitt -V Ausschnitt &nbsp;<\/p>\n","protected":false},"featured_media":41598,"comment_status":"open","ping_status":"closed","template":"","meta":[],"product_cat":[1657,1659,137],"product_tag":[],"_links":{"self":[{"href":"https:\/\/mundo-creole.com\/en\/wp-json\/wp\/v2\/product\/38395"}],"collection":[{"href":"https:\/\/mundo-creole.com\/en\/wp-json\/wp\/v2\/product"}],"about":[{"href":"https:\/\/mundo-creole.com\/en\/wp-json\/wp\/v2\/types\/product"}],"replies":[{"embeddable":true,"href":"https:\/\/mundo-creole.com\/en\/wp-json\/wp\/v2\/comments?post=38395"}],"wp:featuredmedia":[{"embeddable":true,"href":"https:\/\/mundo-creole.com\/en\/wp-json\/wp\/v2\/media\/41598"}],"wp:attachment":[{"href":"https:\/\/mundo-creole.com\/en\/wp-json\/wp\/v2\/media?parent=38395"}],"wp:term":[{"taxonomy":"product_cat","embeddable":true,"href":"https:\/\/mundo-creole.com\/en\/wp-json\/wp\/v2\/product_cat?post=38395"},{"taxonomy":"product_tag","embeddable":true,"href":"https:\/\/mundo-creole.com\/en\/wp-json\/wp\/v2\/product_tag?post=38395"}],"curies":[{"name":"wp","href":"https:\/\/api.w.org\/{rel}","templated":true}]}}